{"id":1006,"date":"2016-02-06T17:28:48","date_gmt":"2016-02-06T16:28:48","guid":{"rendered":"http:\/\/www.alpcamp.eu\/de\/?page_id=1006"},"modified":"2017-08-23T08:13:19","modified_gmt":"2017-08-23T07:13:19","slug":"alpcamp","status":"publish","type":"page","link":"https:\/\/www.alpcamp.eu\/de\/alpcamp\/","title":{"rendered":"AlpCamp"},"content":{"rendered":"<div class=\"wpb-content-wrapper\"><p>[vc_row type=&#8220;grid&#8220; padding_top=&#8220;100&#8243; padding_bottom=&#8220;100&#8243;][vc_column][vc_row_inner padding_bottom=&#8220;50&#8243; css_animation=&#8220;element_from_fade&#8220; transition_delay=&#8220;200&#8243;][vc_column_inner][vc_column_text]<\/p>\n<h2 style=\"text-align: center;\">DAS ALPCAMP GEF\u00dcHL<\/h2>\n<p>[vc_separator type=&#8217;small&#8216; position=&#8217;center&#8216; color=&#8220; thickness=&#8220; up=&#8220; down=&#8220;]<\/p>\n<p>Mit einem AlpCamp Element genie\u00dfen Sie das Landleben ohne die Nachteile vom Zelten zu sp\u00fcren. Die Kinder haben doppelt Spa\u00df wenn sie nach dem Skifahren oder Radfahren auf dem Campingplatz heimkehren und sofort die Schwimmhalle oder die Spielhalle aufsuchen k\u00f6nnen. Vergleichen Sie das mal mit einem Aufenthalt in einem Hotel wo sie die Abende verbringen mit Playmobil, am Laptop oder am Fernsehen. Weil die Kinder in einer sicheren Umgebung viel Bewegungsraum und Ablenkung haben, haben die Erwachsenen dadurch mehr die Gelegenheit f\u00fcr einen entspannten Ruhemoment oder einen Drink mit Freunden oder Verwandten. F\u00fcr G\u00e4ste die mal in einer anderen Umgebung verbleiben m\u00f6chten, bieten wir die Gewissheit da\u03b2 unsere Unterkunft \u00fcberall und immer das gleiche Qualit\u00e4tsniveau bietet. Ein beruhigter Gedanke, Sie wissen was Sie erwarten k\u00f6nnen. Bei AlpCamp sind Sie immer in Ihrem Element.[\/vc_column_text]<span class=\"separator_with_icon\" ><i class=\"fa fa-codepen\"><\/i><\/span>[vc_empty_space height=&#8220;64px&#8220;][\/vc_column_inner][\/vc_row_inner][vc_row_inner css_animation=&#8220;element_from_fade&#8220; transition_delay=&#8220;200&#8243;][vc_column_inner width=&#8220;1\/2&#8243;][vc_column_text css=&#8220;.vc_custom_1454775434013{margin-bottom: 20px !important;}&#8220;]<\/p>\n<h3>ZUSAMMEN UHRLAUB ERLEBEN<\/h3>\n<p>[vc_separator type=&#8217;small&#8216; position=&#8217;left&#8216; color=&#8220; thickness=&#8220; up=&#8220; down=&#8220;]<\/p>\n<p>Bei AlpCamp dreht sich alles um das zusammen Erleben von einem unvergesslichen Urlaub. Darum ist unser Unterkunft, das AlpCamp Element, eingerichtet f\u00fcr Gruppen bis zu 8 Personen. Das zweite Schlafzimmer kann einfach vor Ort ausgestaltet werden f\u00fcr zwei Erwachsene oder f\u00fcr vier Kinder. Selbstverst\u00e4ndlich k\u00f6nnen Sie auch mit nur zwei oder vier Personen gut wohnen. In diesem Fall gibt es mehr Raum.[\/vc_column_text][\/vc_column_inner][vc_column_inner width=&#8220;1\/2&#8243;][vc_column_text]<\/p>\n<h3>AUGE F\u00dcR DIE UMWELT<\/h3>\n<p>[vc_separator type=&#8217;small&#8216; position=&#8217;left&#8216; color=&#8220; thickness=&#8220; up=&#8220; down=&#8220;]<\/p>\n<p>F\u00fcr den Bau von dem Element machen wir Gebrauch von \u00f6kologisch verantworteten und wieder zu verwerteten Baumaterialien. Danach wird der Element aufgestellt auf einen Qualit\u00e4tscampingplatz, der Raum, Komfort und Gepflegtheit bietet.[\/vc_column_text][\/vc_column_inner][\/vc_row_inner][\/vc_column][\/vc_row][vc_row type=&#8220;grid&#8220; background_color=&#8220;#ffffff&#8220; padding_top=&#8220;100&#8243; padding_bottom=&#8220;100&#8243;][vc_column][vc_row_inner type=&#8220;grid&#8220; padding_top=&#8220;100&#8243; padding_bottom=&#8220;100&#8243;][vc_column_inner][vc_column_text]<\/p>\n<h2 style=\"text-align: center;\">CHARACTERISTIKA<\/h2>\n<p>[vc_separator type=&#8217;small&#8216; position=&#8217;center&#8216; color=&#8220; thickness=&#8220; up=&#8220; down=&#8220;]<\/p>\n<p style=\"text-align: center;\">Die 8 einmaligen Charakteristika von dem AlpCamp Konzept gew\u00e4hrleisten eine unvergessliche Urlaubserfahrung:<\/p>\n<p>[\/vc_column_text][\/vc_column_inner][\/vc_row_inner][vc_empty_space height=&#8220;60px&#8220;][vc_row_inner css_animation=&#8220;element_from_fade&#8220; transition_delay=&#8220;200&#8243;][vc_column_inner width=&#8220;1\/3&#8243; css=&#8220;.vc_custom_1439800686154{margin-bottom: 20px !important;}&#8220;]<div class=\"q_box_holder with_icon\" style=\"\"><div class=\"box_holder_icon\"><div class=\"box_holder_icon_inner small  \" style=\"\"><span style=\"\" class=\"q_font_awsome_icon fa-2x \"><i class=\"fa fa-sun-o\" style=\"\"><\/i><\/span><\/div><\/div><div class=\"box_holder_inner small center\"><h5 class=\"icon_title\" style=\"\">All Season<\/h5><span class=\"separator transparent\" style=\"margin: 8px 0;\"><\/span><p style=\"\">Geeignet f\u00fcr einen Aufenthalt in allen Jahreszeiten<\/p><\/div><\/div>[vc_single_image image=&#8220;426&#8243; img_size=&#8220;full&#8220;][\/vc_column_inner][vc_column_inner width=&#8220;1\/3&#8243; css=&#8220;.vc_custom_1439800692971{margin-bottom: 20px !important;}&#8220;]<div class=\"q_box_holder with_icon\" style=\"\"><div class=\"box_holder_icon\"><div class=\"box_holder_icon_inner small  \" style=\"\"><span style=\"\" class=\"q_font_awsome_icon fa-2x \"><i class=\"fa fa-leaf\" style=\"\"><\/i><\/span><\/div><\/div><div class=\"box_holder_inner small center\"><h5 class=\"icon_title\" style=\"\">Nature<\/h5><span class=\"separator transparent\" style=\"margin: 8px 0;\"><\/span><p style=\"\">Verbindung mit Umgebung und Natur<\/p><\/div><\/div>[vc_single_image image=&#8220;431&#8243; img_size=&#8220;full&#8220;][\/vc_column_inner][vc_column_inner width=&#8220;1\/3&#8243; css=&#8220;.vc_custom_1439800698067{margin-bottom: 20px !important;}&#8220;]<div class=\"q_box_holder with_icon\" style=\"\"><div class=\"box_holder_icon\"><div class=\"box_holder_icon_inner small  \" style=\"\"><span style=\"\" class=\"q_font_awsome_icon fa-2x \"><i class=\"fa fa-users\" style=\"\"><\/i><\/span><\/div><\/div><div class=\"box_holder_inner small center\"><h5 class=\"icon_title\" style=\"\">Social<\/h5><span class=\"separator transparent\" style=\"margin: 8px 0;\"><\/span><p style=\"\">Ein angenehme soziale Umgebung<\/p><\/div><\/div>[vc_single_image image=&#8220;450&#8243; img_size=&#8220;full&#8220;][\/vc_column_inner][\/vc_row_inner][vc_row_inner css_animation=&#8220;element_from_fade&#8220; transition_delay=&#8220;200&#8243;][vc_column_inner width=&#8220;1\/3&#8243; css=&#8220;.vc_custom_1439800701713{margin-bottom: 20px !important;}&#8220;]<div class=\"q_box_holder with_icon\" style=\"\"><div class=\"box_holder_icon\"><div class=\"box_holder_icon_inner small  \" style=\"\"><span style=\"\" class=\"q_font_awsome_icon fa-2x \"><i class=\"fa fa-lock\" style=\"\"><\/i><\/span><\/div><\/div><div class=\"box_holder_inner small center\"><h5 class=\"icon_title\" style=\"\">Safe<\/h5><span class=\"separator transparent\" style=\"margin: 8px 0;\"><\/span><p style=\"\">Hochgradige Sicherheit<\/p><\/div><\/div>[vc_single_image image=&#8220;455&#8243; img_size=&#8220;full&#8220;][\/vc_column_inner][vc_column_inner width=&#8220;1\/3&#8243; css=&#8220;.vc_custom_1439800705087{margin-bottom: 20px !important;}&#8220;]<div class=\"q_box_holder with_icon\" style=\"\"><div class=\"box_holder_icon\"><div class=\"box_holder_icon_inner small  \" style=\"\"><span style=\"\" class=\"q_font_awsome_icon fa-2x \"><i class=\"fa fa-bed\" style=\"\"><\/i><\/span><\/div><\/div><div class=\"box_holder_inner small center\"><h5 class=\"icon_title\" style=\"\">Comfort<\/h5><span class=\"separator transparent\" style=\"margin: 8px 0;\"><\/span><p style=\"\">Ohne die Lasten von zelten<\/p><\/div><\/div>[vc_single_image image=&#8220;438&#8243; img_size=&#8220;full&#8220;][\/vc_column_inner][vc_column_inner width=&#8220;1\/3&#8243; css=&#8220;.vc_custom_1439800708810{margin-bottom: 20px !important;}&#8220;]<div class=\"q_box_holder with_icon\" style=\"\"><div class=\"box_holder_icon\"><div class=\"box_holder_icon_inner small  \" style=\"\"><span style=\"\" class=\"q_font_awsome_icon fa-2x \"><i class=\"fa fa-location-arrow\" style=\"\"><\/i><\/span><\/div><\/div><div class=\"box_holder_inner small center\"><h5 class=\"icon_title\" style=\"\">Location<\/h5><span class=\"separator transparent\" style=\"margin: 8px 0;\"><\/span><p style=\"\">Einzigartige Standorte<\/p><\/div><\/div>[vc_single_image image=&#8220;437&#8243; img_size=&#8220;full&#8220;][\/vc_column_inner][\/vc_row_inner][vc_row_inner css_animation=&#8220;element_from_fade&#8220; transition_delay=&#8220;200&#8243;][vc_column_inner width=&#8220;1\/3&#8243; css=&#8220;.vc_custom_1439800713277{margin-bottom: 20px !important;}&#8220;]<div class=\"q_box_holder with_icon\" style=\"\"><div class=\"box_holder_icon\"><div class=\"box_holder_icon_inner small  \" style=\"\"><span style=\"\" class=\"q_font_awsome_icon fa-2x \"><i class=\"fa fa-arrows\" style=\"\"><\/i><\/span><\/div><\/div><div class=\"box_holder_inner small center\"><h5 class=\"icon_title\" style=\"\">Space<\/h5><span class=\"separator transparent\" style=\"margin: 8px 0;\"><\/span><p style=\"\">Raum f\u00fcr 2-8 Personen<\/p><\/div><\/div>[vc_single_image image=&#8220;434&#8243; img_size=&#8220;full&#8220;][\/vc_column_inner][vc_column_inner width=&#8220;1\/3&#8243; css=&#8220;.vc_custom_1439800717867{margin-bottom: 20px !important;}&#8220;]<div class=\"q_box_holder with_icon\" style=\"\"><div class=\"box_holder_icon\"><div class=\"box_holder_icon_inner small  \" style=\"\"><span style=\"\" class=\"q_font_awsome_icon fa-2x \"><i class=\"fa fa-thumbs-up\" style=\"\"><\/i><\/span><\/div><\/div><div class=\"box_holder_inner small center\"><h5 class=\"icon_title\" style=\"\">High End<\/h5><span class=\"separator transparent\" style=\"margin: 8px 0;\"><\/span><p style=\"\">Einzigartige Kombination von Entwurf &amp; Luxus<\/p><\/div><\/div>[vc_single_image image=&#8220;440&#8243; img_size=&#8220;full&#8220;][\/vc_column_inner][vc_column_inner width=&#8220;1\/3&#8243;]<br \/>\n[\/vc_column_inner][\/vc_row_inner][\/vc_column][\/vc_row]<\/p>\n<\/div>","protected":false},"excerpt":{"rendered":"<p>[vc_row type=&#8220;grid&#8220; padding_top=&#8220;100&#8243; padding_bottom=&#8220;100&#8243;][vc_column][vc_row_inner padding_bottom=&#8220;50&#8243; css_animation=&#8220;element_from_fade&#8220; transition_delay=&#8220;200&#8243;][vc_column_inner][vc_column_text] DAS ALPCAMP GEF\u00dcHL [vc_separator type=&#8217;small&#8216; position=&#8217;center&#8216; color=&#8220; thickness=&#8220; up=&#8220; down=&#8220;] Mit einem AlpCamp&#8230;<\/p>\n","protected":false},"author":2,"featured_media":0,"parent":0,"menu_order":0,"comment_status":"open","ping_status":"open","template":"full_width.php","meta":{"footnotes":""},"class_list":["post-1006","page","type-page","status-publish","hentry"],"yoast_head":"<!-- This site is optimized with the Yoast SEO plugin v27.3 - https:\/\/yoast.com\/product\/yoast-seo-wordpress\/ -->\n<title>AlpCamp - AlpCamp<\/title>\n<meta name=\"robots\" content=\"index, follow, max-snippet:-1, max-image-preview:large, max-video-preview:-1\" \/>\n<link rel=\"canonical\" href=\"https:\/\/www.alpcamp.eu\/de\/alpcamp\/\" \/>\n<meta property=\"og:locale\" content=\"de_DE\" \/>\n<meta property=\"og:type\" content=\"article\" \/>\n<meta property=\"og:title\" content=\"AlpCamp - AlpCamp\" \/>\n<meta property=\"og:description\" content=\"[vc_row type=&#8220;grid&#8220; padding_top=&#8220;100&#8243; padding_bottom=&#8220;100&#8243;][vc_column][vc_row_inner padding_bottom=&#8220;50&#8243; css_animation=&#8220;element_from_fade&#8220; transition_delay=&#8220;200&#8243;][vc_column_inner][vc_column_text] DAS ALPCAMP GEF\u00dcHL [vc_separator type=&#8217;small&#8216; position=&#8217;center&#8216; color=&#8220; thickness=&#8220; up=&#8220; down=&#8220;] Mit einem AlpCamp...\" \/>\n<meta property=\"og:url\" content=\"https:\/\/www.alpcamp.eu\/de\/alpcamp\/\" \/>\n<meta property=\"og:site_name\" content=\"AlpCamp\" \/>\n<meta property=\"article:publisher\" content=\"https:\/\/www.facebook.com\/Alpcamp.eu\/\" \/>\n<meta property=\"article:modified_time\" content=\"2017-08-23T07:13:19+00:00\" \/>\n<meta name=\"twitter:card\" content=\"summary_large_image\" \/>\n<meta name=\"twitter:label1\" content=\"Gesch\u00e4tzte Lesezeit\" \/>\n\t<meta name=\"twitter:data1\" content=\"4\u00a0Minuten\" \/>\n<script type=\"application\/ld+json\" class=\"yoast-schema-graph\">{\"@context\":\"https:\\\/\\\/schema.org\",\"@graph\":[{\"@type\":\"WebPage\",\"@id\":\"https:\\\/\\\/www.alpcamp.eu\\\/de\\\/alpcamp\\\/\",\"url\":\"https:\\\/\\\/www.alpcamp.eu\\\/de\\\/alpcamp\\\/\",\"name\":\"AlpCamp - AlpCamp\",\"isPartOf\":{\"@id\":\"https:\\\/\\\/www.alpcamp.eu\\\/#website\"},\"datePublished\":\"2016-02-06T16:28:48+00:00\",\"dateModified\":\"2017-08-23T07:13:19+00:00\",\"breadcrumb\":{\"@id\":\"https:\\\/\\\/www.alpcamp.eu\\\/de\\\/alpcamp\\\/#breadcrumb\"},\"inLanguage\":\"de\",\"potentialAction\":[{\"@type\":\"ReadAction\",\"target\":[\"https:\\\/\\\/www.alpcamp.eu\\\/de\\\/alpcamp\\\/\"]}]},{\"@type\":\"BreadcrumbList\",\"@id\":\"https:\\\/\\\/www.alpcamp.eu\\\/de\\\/alpcamp\\\/#breadcrumb\",\"itemListElement\":[{\"@type\":\"ListItem\",\"position\":1,\"name\":\"Home\",\"item\":\"https:\\\/\\\/www.alpcamp.eu\\\/de\\\/\"},{\"@type\":\"ListItem\",\"position\":2,\"name\":\"AlpCamp\"}]},{\"@type\":\"WebSite\",\"@id\":\"https:\\\/\\\/www.alpcamp.eu\\\/#website\",\"url\":\"https:\\\/\\\/www.alpcamp.eu\\\/\",\"name\":\"AlpCamp\",\"description\":\"\",\"publisher\":{\"@id\":\"https:\\\/\\\/www.alpcamp.eu\\\/#organization\"},\"potentialAction\":[{\"@type\":\"SearchAction\",\"target\":{\"@type\":\"EntryPoint\",\"urlTemplate\":\"https:\\\/\\\/www.alpcamp.eu\\\/?s={search_term_string}\"},\"query-input\":{\"@type\":\"PropertyValueSpecification\",\"valueRequired\":true,\"valueName\":\"search_term_string\"}}],\"inLanguage\":\"de\"},{\"@type\":\"Organization\",\"@id\":\"https:\\\/\\\/www.alpcamp.eu\\\/#organization\",\"name\":\"12Camp BV\",\"url\":\"https:\\\/\\\/www.alpcamp.eu\\\/\",\"logo\":{\"@type\":\"ImageObject\",\"inLanguage\":\"de\",\"@id\":\"https:\\\/\\\/www.alpcamp.eu\\\/#\\\/schema\\\/logo\\\/image\\\/\",\"url\":\"https:\\\/\\\/www.alpcamp.eu\\\/wp-content\\\/uploads\\\/2015\\\/08\\\/logo-12Campv2.1-01.png\",\"contentUrl\":\"https:\\\/\\\/www.alpcamp.eu\\\/wp-content\\\/uploads\\\/2015\\\/08\\\/logo-12Campv2.1-01.png\",\"width\":953,\"height\":337,\"caption\":\"12Camp BV\"},\"image\":{\"@id\":\"https:\\\/\\\/www.alpcamp.eu\\\/#\\\/schema\\\/logo\\\/image\\\/\"},\"sameAs\":[\"https:\\\/\\\/www.facebook.com\\\/Alpcamp.eu\\\/\"]}]}<\/script>\n<!-- \/ Yoast SEO plugin. -->","yoast_head_json":{"title":"AlpCamp - AlpCamp","robots":{"index":"index","follow":"follow","max-snippet":"max-snippet:-1","max-image-preview":"max-image-preview:large","max-video-preview":"max-video-preview:-1"},"canonical":"https:\/\/www.alpcamp.eu\/de\/alpcamp\/","og_locale":"de_DE","og_type":"article","og_title":"AlpCamp - AlpCamp","og_description":"[vc_row type=&#8220;grid&#8220; padding_top=&#8220;100&#8243; padding_bottom=&#8220;100&#8243;][vc_column][vc_row_inner padding_bottom=&#8220;50&#8243; css_animation=&#8220;element_from_fade&#8220; transition_delay=&#8220;200&#8243;][vc_column_inner][vc_column_text] DAS ALPCAMP GEF\u00dcHL [vc_separator type=&#8217;small&#8216; position=&#8217;center&#8216; color=&#8220; thickness=&#8220; up=&#8220; down=&#8220;] Mit einem AlpCamp...","og_url":"https:\/\/www.alpcamp.eu\/de\/alpcamp\/","og_site_name":"AlpCamp","article_publisher":"https:\/\/www.facebook.com\/Alpcamp.eu\/","article_modified_time":"2017-08-23T07:13:19+00:00","twitter_card":"summary_large_image","twitter_misc":{"Gesch\u00e4tzte Lesezeit":"4\u00a0Minuten"},"schema":{"@context":"https:\/\/schema.org","@graph":[{"@type":"WebPage","@id":"https:\/\/www.alpcamp.eu\/de\/alpcamp\/","url":"https:\/\/www.alpcamp.eu\/de\/alpcamp\/","name":"AlpCamp - AlpCamp","isPartOf":{"@id":"https:\/\/www.alpcamp.eu\/#website"},"datePublished":"2016-02-06T16:28:48+00:00","dateModified":"2017-08-23T07:13:19+00:00","breadcrumb":{"@id":"https:\/\/www.alpcamp.eu\/de\/alpcamp\/#breadcrumb"},"inLanguage":"de","potentialAction":[{"@type":"ReadAction","target":["https:\/\/www.alpcamp.eu\/de\/alpcamp\/"]}]},{"@type":"BreadcrumbList","@id":"https:\/\/www.alpcamp.eu\/de\/alpcamp\/#breadcrumb","itemListElement":[{"@type":"ListItem","position":1,"name":"Home","item":"https:\/\/www.alpcamp.eu\/de\/"},{"@type":"ListItem","position":2,"name":"AlpCamp"}]},{"@type":"WebSite","@id":"https:\/\/www.alpcamp.eu\/#website","url":"https:\/\/www.alpcamp.eu\/","name":"AlpCamp","description":"","publisher":{"@id":"https:\/\/www.alpcamp.eu\/#organization"},"potentialAction":[{"@type":"SearchAction","target":{"@type":"EntryPoint","urlTemplate":"https:\/\/www.alpcamp.eu\/?s={search_term_string}"},"query-input":{"@type":"PropertyValueSpecification","valueRequired":true,"valueName":"search_term_string"}}],"inLanguage":"de"},{"@type":"Organization","@id":"https:\/\/www.alpcamp.eu\/#organization","name":"12Camp BV","url":"https:\/\/www.alpcamp.eu\/","logo":{"@type":"ImageObject","inLanguage":"de","@id":"https:\/\/www.alpcamp.eu\/#\/schema\/logo\/image\/","url":"https:\/\/www.alpcamp.eu\/wp-content\/uploads\/2015\/08\/logo-12Campv2.1-01.png","contentUrl":"https:\/\/www.alpcamp.eu\/wp-content\/uploads\/2015\/08\/logo-12Campv2.1-01.png","width":953,"height":337,"caption":"12Camp BV"},"image":{"@id":"https:\/\/www.alpcamp.eu\/#\/schema\/logo\/image\/"},"sameAs":["https:\/\/www.facebook.com\/Alpcamp.eu\/"]}]}},"_links":{"self":[{"href":"https:\/\/www.alpcamp.eu\/de\/wp-json\/wp\/v2\/pages\/1006","targetHints":{"allow":["GET"]}}],"collection":[{"href":"https:\/\/www.alpcamp.eu\/de\/wp-json\/wp\/v2\/pages"}],"about":[{"href":"https:\/\/www.alpcamp.eu\/de\/wp-json\/wp\/v2\/types\/page"}],"author":[{"embeddable":true,"href":"https:\/\/www.alpcamp.eu\/de\/wp-json\/wp\/v2\/users\/2"}],"replies":[{"embeddable":true,"href":"https:\/\/www.alpcamp.eu\/de\/wp-json\/wp\/v2\/comments?post=1006"}],"version-history":[{"count":10,"href":"https:\/\/www.alpcamp.eu\/de\/wp-json\/wp\/v2\/pages\/1006\/revisions"}],"predecessor-version":[{"id":2500,"href":"https:\/\/www.alpcamp.eu\/de\/wp-json\/wp\/v2\/pages\/1006\/revisions\/2500"}],"wp:attachment":[{"href":"https:\/\/www.alpcamp.eu\/de\/wp-json\/wp\/v2\/media?parent=1006"}],"curies":[{"name":"wp","href":"https:\/\/api.w.org\/{rel}","templated":true}]}}