{"id":1013,"date":"2015-07-09T09:17:52","date_gmt":"2015-07-09T08:17:52","guid":{"rendered":"http:\/\/www.alpcamp.eu\/de\/?page_id=1013"},"modified":"2024-11-14T09:42:45","modified_gmt":"2024-11-14T08:42:45","slug":"constructie","status":"publish","type":"page","link":"https:\/\/www.alpcamp.eu\/de\/constructie\/","title":{"rendered":"Konstruktion"},"content":{"rendered":"<div class=\"wpb-content-wrapper\"><p>[vc_row][vc_column width=&#8220;1\/4&#8243;][vc_empty_space height=&#8220;64px&#8220;][\/vc_column][vc_column width=&#8220;1\/2&#8243;][vc_column_text]<\/p>\n<p style=\"text-align: center;\"><a href=\"http:\/\/www.alpcamp.eu\/inschrijving-oostenrijk\/web-2\/\" rel=\"attachment wp-att-787\"><img loading=\"lazy\" decoding=\"async\" class=\"aligncenter size-medium wp-image-787\" src=\"http:\/\/www.alpcamp.eu\/wp-content\/uploads\/2015\/10\/Element_v2_red_white_red-300x70.jpg\" alt=\"Web\" width=\"300\" height=\"70\" srcset=\"https:\/\/www.alpcamp.eu\/wp-content\/uploads\/2015\/10\/Element_v2_red_white_red-300x70.jpg 300w, https:\/\/www.alpcamp.eu\/wp-content\/uploads\/2015\/10\/Element_v2_red_white_red-1024x240.jpg 1024w, https:\/\/www.alpcamp.eu\/wp-content\/uploads\/2015\/10\/Element_v2_red_white_red-700x164.jpg 700w, https:\/\/www.alpcamp.eu\/wp-content\/uploads\/2015\/10\/Element_v2_red_white_red.jpg 1280w\" sizes=\"auto, (max-width: 300px) 100vw, 300px\" \/><\/a><br \/>\nEIN NEUES WOHN-UND ERHOLUNGSKONZEPT<br \/>\nals alternative f\u00fcr ein Haus aus Stein, Holz oder Kunststoff<\/p>\n<p>&nbsp;<\/p>\n<p style=\"text-align: center;\"><span style=\"text-decoration: underline;\">Der Element is entworfen f\u00fcr den nachstehenden Anwendungsbereiche:<\/span><\/p>\n<p>&nbsp;<\/p>\n<p style=\"padding-left: 90px;\">Gebrauch in allen klimatischen Zonen<\/p>\n<p style=\"padding-left: 90px;\">Tiny House mit oder ohne feste Bodenverbindun<\/p>\n<p style=\"padding-left: 90px;\">Freizeitgebrauch<\/p>\n<p style=\"padding-left: 90px;\">Geeignet f\u00fcr kommerzielle Vermietung<\/p>\n<p style=\"padding-left: 90px;\">L\u00f6sung f\u00fcr Orte wo eine Baugenehmigung nicht oder schwer zu bekommen ist<\/p>\n<p style=\"padding-left: 90px;\">Hochwertige Alternative f\u00fcr ein Chalet<\/p>\n<p style=\"padding-left: 90px;\">Beweglichkeit<\/p>\n<p style=\"padding-left: 90px;\">M\u00f6glicher Umzug<\/p>\n<p>[\/vc_column_text][\/vc_column][vc_column width=&#8220;1\/4&#8243;][vc_column_text]<br \/>\n[\/vc_column_text][\/vc_column][\/vc_row][vc_row][vc_column][vc_empty_space height=&#8220;64px&#8220;][\/vc_column][\/vc_row][vc_row][vc_column][vc_empty_space height=&#8220;100px&#8220;]<div class='cover_boxes' data-active-element='1'><ul class='clearfix'><li><div class='box'><a class='thumb' href='' target='_self'><img alt='1. Die Basis' src='https:\/\/www.alpcamp.eu\/wp-content\/uploads\/2016\/02\/Artist-Impression-Trailer.jpeg' \/><\/a><div class='box_content'><h3 >1. Die Basis<\/h3><p >Die Basis von dem Element ist ein \u00fcberstarker Fahrgestell aus Edelstahl mit zwei Achsen und gro\u00dfe R\u00e4der<\/p><\/div><\/div><\/li><li><div class='box'><a class='thumb' href='' target='_self'><img alt='2. Die Bodenelementen' src='https:\/\/www.alpcamp.eu\/wp-content\/uploads\/2016\/02\/Artist-Impression-VLoer.jpeg' \/><\/a><div class='box_content'><h3 >2. Die Bodenelementen<\/h3><p >B\u00f6den aus Sandwichplatten werden auf ingeni\u00f6se Weise aneinander und an dem Fahrgestell befestigt.<\/p><\/div><\/div><\/li><li><div class='box'><a class='thumb' href='' target='_self'><img alt='3. Vorfertigung' src='https:\/\/www.alpcamp.eu\/wp-content\/uploads\/2016\/02\/20150922_225725.jpeg' \/><\/a><div class='box_content'><h3 >3. Vorfertigung<\/h3><p >Allen technische Anschl\u00fcsse f\u00fcr Strom, Gas, Wasser und Ablauf, sowie Na\u03b2 Zelle und K\u00fcche vormontiert; Bodenlemente auf dem Fahrgestell gestapelt.<\/p><\/div><\/div><\/li><\/ul><\/div><div class='cover_boxes' data-active-element='1'><ul class='clearfix'><li><div class='box'><a class='thumb' href='' target='_self'><img alt='4. Transportfertig' src='https:\/\/www.alpcamp.eu\/wp-content\/uploads\/2016\/02\/2015-10-05-13.24.45.jpg' \/><\/a><div class='box_content'><h3 >4. Transportfertig<\/h3><p >Als Caravan registriert wird der Element nach dem Campingplatz gefahren. Das Inventar befindet sich im LKW vorne.<\/p><\/div><\/div><\/li><li><div class='box'><a class='thumb' href='' target='_self'><img alt='5. Installation' src='https:\/\/www.alpcamp.eu\/wp-content\/uploads\/2016\/02\/2015-08-27-13.59.18.jpg' \/><\/a><div class='box_content'><h3 >5. Installation<\/h3><p >Vor Ort wird der Element waagerecht gestellt und gesichert. Der sterken Alurahmen wird auf dem Fahrgestell montiert und die Membran angespannt.<\/p><\/div><\/div><\/li><li><div class='box'><a class='thumb' href='' target='_self'><img alt='6. Einrichtung' src='https:\/\/www.alpcamp.eu\/wp-content\/uploads\/2016\/02\/151001-8451-HDR.jpg' \/><\/a><div class='box_content'><h3 >6. Einrichtung<\/h3><p >Isolierungsmaterial wird angebracht und die M\u00f6blierung aufgestellt. Dies alles innerhalb von 24 Stunden.<\/p><\/div><\/div><\/li><\/ul><\/div>[vc_empty_space height=&#8220;64px&#8220;][\/vc_column][\/vc_row][vc_row][vc_column][vc_column_text]<br \/>\n[\/vc_column_text]<a href=\"\/de\/interieur\/\" target=\"_self\"  class=\"qbutton  center\" style=\"margin: 0px 600px 10px 500px; \">mehr lesen<\/a>[\/vc_column][\/vc_row][vc_row][vc_column][vc_empty_space height=&#8220;50px&#8220;][\/vc_column][\/vc_row]<\/p>\n<\/div>","protected":false},"excerpt":{"rendered":"<p>[vc_row][vc_column width=&#8220;1\/4&#8243;][vc_empty_space height=&#8220;64px&#8220;][\/vc_column][vc_column width=&#8220;1\/2&#8243;][vc_column_text] EIN NEUES WOHN-UND ERHOLUNGSKONZEPT als alternative f\u00fcr ein Haus aus Stein, Holz oder Kunststoff &nbsp; Der&#8230;<\/p>\n","protected":false},"author":2,"featured_media":0,"parent":0,"menu_order":0,"comment_status":"open","ping_status":"open","template":"","meta":{"footnotes":""},"class_list":["post-1013","page","type-page","status-publish","hentry"],"yoast_head":"<!-- This site is optimized with the Yoast SEO plugin v27.3 - https:\/\/yoast.com\/product\/yoast-seo-wordpress\/ -->\n<title>Konstruktion - AlpCamp<\/title>\n<meta name=\"robots\" content=\"index, follow, max-snippet:-1, max-image-preview:large, max-video-preview:-1\" \/>\n<link rel=\"canonical\" href=\"https:\/\/www.alpcamp.eu\/de\/constructie\/\" \/>\n<meta property=\"og:locale\" content=\"de_DE\" \/>\n<meta property=\"og:type\" content=\"article\" \/>\n<meta property=\"og:title\" content=\"Konstruktion - AlpCamp\" \/>\n<meta property=\"og:description\" content=\"[vc_row][vc_column width=&#8220;1\/4&#8243;][vc_empty_space height=&#8220;64px&#8220;][\/vc_column][vc_column width=&#8220;1\/2&#8243;][vc_column_text] EIN NEUES WOHN-UND ERHOLUNGSKONZEPT als alternative f\u00fcr ein Haus aus Stein, Holz oder Kunststoff &nbsp; Der...\" \/>\n<meta property=\"og:url\" content=\"https:\/\/www.alpcamp.eu\/de\/constructie\/\" \/>\n<meta property=\"og:site_name\" content=\"AlpCamp\" \/>\n<meta property=\"article:publisher\" content=\"https:\/\/www.facebook.com\/Alpcamp.eu\/\" \/>\n<meta property=\"article:modified_time\" content=\"2024-11-14T08:42:45+00:00\" \/>\n<meta property=\"og:image\" content=\"http:\/\/www.alpcamp.eu\/wp-content\/uploads\/2015\/10\/Element_v2_red_white_red-300x70.jpg\" \/>\n<meta name=\"twitter:card\" content=\"summary_large_image\" \/>\n<meta name=\"twitter:label1\" content=\"Gesch\u00e4tzte Lesezeit\" \/>\n\t<meta name=\"twitter:data1\" content=\"2\u00a0Minuten\" \/>\n<script type=\"application\/ld+json\" class=\"yoast-schema-graph\">{\"@context\":\"https:\\\/\\\/schema.org\",\"@graph\":[{\"@type\":\"WebPage\",\"@id\":\"https:\\\/\\\/www.alpcamp.eu\\\/de\\\/constructie\\\/\",\"url\":\"https:\\\/\\\/www.alpcamp.eu\\\/de\\\/constructie\\\/\",\"name\":\"Konstruktion - AlpCamp\",\"isPartOf\":{\"@id\":\"https:\\\/\\\/www.alpcamp.eu\\\/#website\"},\"primaryImageOfPage\":{\"@id\":\"https:\\\/\\\/www.alpcamp.eu\\\/de\\\/constructie\\\/#primaryimage\"},\"image\":{\"@id\":\"https:\\\/\\\/www.alpcamp.eu\\\/de\\\/constructie\\\/#primaryimage\"},\"thumbnailUrl\":\"http:\\\/\\\/www.alpcamp.eu\\\/wp-content\\\/uploads\\\/2015\\\/10\\\/Element_v2_red_white_red-300x70.jpg\",\"datePublished\":\"2015-07-09T08:17:52+00:00\",\"dateModified\":\"2024-11-14T08:42:45+00:00\",\"breadcrumb\":{\"@id\":\"https:\\\/\\\/www.alpcamp.eu\\\/de\\\/constructie\\\/#breadcrumb\"},\"inLanguage\":\"de\",\"potentialAction\":[{\"@type\":\"ReadAction\",\"target\":[\"https:\\\/\\\/www.alpcamp.eu\\\/de\\\/constructie\\\/\"]}]},{\"@type\":\"ImageObject\",\"inLanguage\":\"de\",\"@id\":\"https:\\\/\\\/www.alpcamp.eu\\\/de\\\/constructie\\\/#primaryimage\",\"url\":\"http:\\\/\\\/www.alpcamp.eu\\\/wp-content\\\/uploads\\\/2015\\\/10\\\/Element_v2_red_white_red-300x70.jpg\",\"contentUrl\":\"http:\\\/\\\/www.alpcamp.eu\\\/wp-content\\\/uploads\\\/2015\\\/10\\\/Element_v2_red_white_red-300x70.jpg\"},{\"@type\":\"BreadcrumbList\",\"@id\":\"https:\\\/\\\/www.alpcamp.eu\\\/de\\\/constructie\\\/#breadcrumb\",\"itemListElement\":[{\"@type\":\"ListItem\",\"position\":1,\"name\":\"Home\",\"item\":\"https:\\\/\\\/www.alpcamp.eu\\\/de\\\/\"},{\"@type\":\"ListItem\",\"position\":2,\"name\":\"Konstruktion\"}]},{\"@type\":\"WebSite\",\"@id\":\"https:\\\/\\\/www.alpcamp.eu\\\/#website\",\"url\":\"https:\\\/\\\/www.alpcamp.eu\\\/\",\"name\":\"AlpCamp\",\"description\":\"\",\"publisher\":{\"@id\":\"https:\\\/\\\/www.alpcamp.eu\\\/#organization\"},\"potentialAction\":[{\"@type\":\"SearchAction\",\"target\":{\"@type\":\"EntryPoint\",\"urlTemplate\":\"https:\\\/\\\/www.alpcamp.eu\\\/?s={search_term_string}\"},\"query-input\":{\"@type\":\"PropertyValueSpecification\",\"valueRequired\":true,\"valueName\":\"search_term_string\"}}],\"inLanguage\":\"de\"},{\"@type\":\"Organization\",\"@id\":\"https:\\\/\\\/www.alpcamp.eu\\\/#organization\",\"name\":\"12Camp BV\",\"url\":\"https:\\\/\\\/www.alpcamp.eu\\\/\",\"logo\":{\"@type\":\"ImageObject\",\"inLanguage\":\"de\",\"@id\":\"https:\\\/\\\/www.alpcamp.eu\\\/#\\\/schema\\\/logo\\\/image\\\/\",\"url\":\"https:\\\/\\\/www.alpcamp.eu\\\/wp-content\\\/uploads\\\/2015\\\/08\\\/logo-12Campv2.1-01.png\",\"contentUrl\":\"https:\\\/\\\/www.alpcamp.eu\\\/wp-content\\\/uploads\\\/2015\\\/08\\\/logo-12Campv2.1-01.png\",\"width\":953,\"height\":337,\"caption\":\"12Camp BV\"},\"image\":{\"@id\":\"https:\\\/\\\/www.alpcamp.eu\\\/#\\\/schema\\\/logo\\\/image\\\/\"},\"sameAs\":[\"https:\\\/\\\/www.facebook.com\\\/Alpcamp.eu\\\/\"]}]}<\/script>\n<!-- \/ Yoast SEO plugin. -->","yoast_head_json":{"title":"Konstruktion - AlpCamp","robots":{"index":"index","follow":"follow","max-snippet":"max-snippet:-1","max-image-preview":"max-image-preview:large","max-video-preview":"max-video-preview:-1"},"canonical":"https:\/\/www.alpcamp.eu\/de\/constructie\/","og_locale":"de_DE","og_type":"article","og_title":"Konstruktion - AlpCamp","og_description":"[vc_row][vc_column width=&#8220;1\/4&#8243;][vc_empty_space height=&#8220;64px&#8220;][\/vc_column][vc_column width=&#8220;1\/2&#8243;][vc_column_text] EIN NEUES WOHN-UND ERHOLUNGSKONZEPT als alternative f\u00fcr ein Haus aus Stein, Holz oder Kunststoff &nbsp; Der...","og_url":"https:\/\/www.alpcamp.eu\/de\/constructie\/","og_site_name":"AlpCamp","article_publisher":"https:\/\/www.facebook.com\/Alpcamp.eu\/","article_modified_time":"2024-11-14T08:42:45+00:00","og_image":[{"url":"http:\/\/www.alpcamp.eu\/wp-content\/uploads\/2015\/10\/Element_v2_red_white_red-300x70.jpg","type":"","width":"","height":""}],"twitter_card":"summary_large_image","twitter_misc":{"Gesch\u00e4tzte Lesezeit":"2\u00a0Minuten"},"schema":{"@context":"https:\/\/schema.org","@graph":[{"@type":"WebPage","@id":"https:\/\/www.alpcamp.eu\/de\/constructie\/","url":"https:\/\/www.alpcamp.eu\/de\/constructie\/","name":"Konstruktion - AlpCamp","isPartOf":{"@id":"https:\/\/www.alpcamp.eu\/#website"},"primaryImageOfPage":{"@id":"https:\/\/www.alpcamp.eu\/de\/constructie\/#primaryimage"},"image":{"@id":"https:\/\/www.alpcamp.eu\/de\/constructie\/#primaryimage"},"thumbnailUrl":"http:\/\/www.alpcamp.eu\/wp-content\/uploads\/2015\/10\/Element_v2_red_white_red-300x70.jpg","datePublished":"2015-07-09T08:17:52+00:00","dateModified":"2024-11-14T08:42:45+00:00","breadcrumb":{"@id":"https:\/\/www.alpcamp.eu\/de\/constructie\/#breadcrumb"},"inLanguage":"de","potentialAction":[{"@type":"ReadAction","target":["https:\/\/www.alpcamp.eu\/de\/constructie\/"]}]},{"@type":"ImageObject","inLanguage":"de","@id":"https:\/\/www.alpcamp.eu\/de\/constructie\/#primaryimage","url":"http:\/\/www.alpcamp.eu\/wp-content\/uploads\/2015\/10\/Element_v2_red_white_red-300x70.jpg","contentUrl":"http:\/\/www.alpcamp.eu\/wp-content\/uploads\/2015\/10\/Element_v2_red_white_red-300x70.jpg"},{"@type":"BreadcrumbList","@id":"https:\/\/www.alpcamp.eu\/de\/constructie\/#breadcrumb","itemListElement":[{"@type":"ListItem","position":1,"name":"Home","item":"https:\/\/www.alpcamp.eu\/de\/"},{"@type":"ListItem","position":2,"name":"Konstruktion"}]},{"@type":"WebSite","@id":"https:\/\/www.alpcamp.eu\/#website","url":"https:\/\/www.alpcamp.eu\/","name":"AlpCamp","description":"","publisher":{"@id":"https:\/\/www.alpcamp.eu\/#organization"},"potentialAction":[{"@type":"SearchAction","target":{"@type":"EntryPoint","urlTemplate":"https:\/\/www.alpcamp.eu\/?s={search_term_string}"},"query-input":{"@type":"PropertyValueSpecification","valueRequired":true,"valueName":"search_term_string"}}],"inLanguage":"de"},{"@type":"Organization","@id":"https:\/\/www.alpcamp.eu\/#organization","name":"12Camp BV","url":"https:\/\/www.alpcamp.eu\/","logo":{"@type":"ImageObject","inLanguage":"de","@id":"https:\/\/www.alpcamp.eu\/#\/schema\/logo\/image\/","url":"https:\/\/www.alpcamp.eu\/wp-content\/uploads\/2015\/08\/logo-12Campv2.1-01.png","contentUrl":"https:\/\/www.alpcamp.eu\/wp-content\/uploads\/2015\/08\/logo-12Campv2.1-01.png","width":953,"height":337,"caption":"12Camp BV"},"image":{"@id":"https:\/\/www.alpcamp.eu\/#\/schema\/logo\/image\/"},"sameAs":["https:\/\/www.facebook.com\/Alpcamp.eu\/"]}]}},"_links":{"self":[{"href":"https:\/\/www.alpcamp.eu\/de\/wp-json\/wp\/v2\/pages\/1013","targetHints":{"allow":["GET"]}}],"collection":[{"href":"https:\/\/www.alpcamp.eu\/de\/wp-json\/wp\/v2\/pages"}],"about":[{"href":"https:\/\/www.alpcamp.eu\/de\/wp-json\/wp\/v2\/types\/page"}],"author":[{"embeddable":true,"href":"https:\/\/www.alpcamp.eu\/de\/wp-json\/wp\/v2\/users\/2"}],"replies":[{"embeddable":true,"href":"https:\/\/www.alpcamp.eu\/de\/wp-json\/wp\/v2\/comments?post=1013"}],"version-history":[{"count":37,"href":"https:\/\/www.alpcamp.eu\/de\/wp-json\/wp\/v2\/pages\/1013\/revisions"}],"predecessor-version":[{"id":3677,"href":"https:\/\/www.alpcamp.eu\/de\/wp-json\/wp\/v2\/pages\/1013\/revisions\/3677"}],"wp:attachment":[{"href":"https:\/\/www.alpcamp.eu\/de\/wp-json\/wp\/v2\/media?parent=1013"}],"curies":[{"name":"wp","href":"https:\/\/api.w.org\/{rel}","templated":true}]}}