{"id":1084,"date":"2016-02-21T21:05:06","date_gmt":"2016-02-21T20:05:06","guid":{"rendered":"http:\/\/www.alpcamp.eu\/de\/?page_id=1084"},"modified":"2020-05-21T12:48:21","modified_gmt":"2020-05-21T11:48:21","slug":"investierung","status":"publish","type":"page","link":"https:\/\/www.alpcamp.eu\/de\/investierung\/","title":{"rendered":"Investierung"},"content":{"rendered":"<div class=\"wpb-content-wrapper\"><p>[vc_row][vc_column][vc_column_text]<\/p>\n<p>&nbsp;<\/p>\n<p>[\/vc_column_text][\/vc_column][\/vc_row][vc_row type=&#8220;grid&#8220; css=&#8220;.vc_custom_1481140599832{padding-top: 100px !important;padding-bottom: 100px !important;}&#8220;][vc_column][vc_row_inner type=&#8220;grid&#8220;][vc_column_inner width=&#8220;1\/2&#8243;][vc_column_text]<\/p>\n<h2>F\u00fcr den gesch\u00e4ftlichen Markt<\/h2>\n<p>[vc_separator type=&#8217;small&#8216; position=&#8217;left&#8216; color=&#8220; thickness=&#8220; up=&#8220; down=&#8220;]<\/p>\n<p>Der Element ist eine interessante Investierung f\u00fcr sowohl Campingplatz Inhaber als f\u00fcr Urlaubs Organisationen. Hinsichtlich der technischen Lebensdauer wiegt das Element eines Qualit\u00e4t-Chalets aus.<\/p>\n<p>Der\u00a0Element kann ruhig das ganze Jahr hindurch drau\u00dfen stehen und es \u00fcbersteht glanzvoll alle Wetter Verh\u00e4ltnisse. Die Auslastung ist optimal dadurch dass der Element sich eignet f\u00fcr Gruppen bis zu 8 Personen und f\u00fcr alle Jahreszeiten vermietet werden kann. Durch den modularen Bau ist es m\u00f6glich das Unterkommen nach Wunsch einzuteilen. Besch\u00e4digte \u00e4u\u00dfere oder innere Komponente werden einfach ersetzt. Und sollte nach einigen Jahren die Farbkombination oder Einrichtung nicht mehr zeitgem\u00e4\u00df sein, dann ist dies einfach zu erneuern und anzupassen an neuen Trends.[\/vc_column_text][\/vc_column_inner][vc_column_inner width=&#8220;1\/2&#8243;][vc_column_text]<\/p>\n<h2>F\u00fcr Konsumenten<\/h2>\n<p>[vc_separator type=&#8217;small&#8216; position=&#8217;left&#8216; color=&#8220; thickness=&#8220; up=&#8220; down=&#8220;]<\/p>\n<p>F\u00fcr Personen die privat in einem Element investieren m\u00f6chten sind die Vorteile zahlreich. Sie verf\u00fcgen nicht nur \u00fcber ein wertvolles Freizeitobjekt f\u00fcr eigenen Gebrauch, sondern Sie k\u00f6nnen der Element auch bei uns in Vermietung geben. AlpCamp sorgt daf\u00fcr dass Ihr Eigentum in einer ausgezeichneten Instandhaltung bleibt und eine beachtliche Erfolgsquote einbringt. So haben Sie dann ein optimales Vergn\u00fcgen an Ihre Investierung. Und sollte es so sein dass Sie nach einiger Zeit einen Umgebungswechsel beanspruchen, dann gibt es keine Probleme. Als gro\u00dfer Vorteil im Vergleich mit einem Chalet ist es so dass wir den Element innerhalb von einer relativ kurzen Zeit f\u00fcr Sie umr\u00e4umen k\u00f6nnen. Sie sind also nicht gebunden an einer bestimmten Umgebung oder an einem festen Campingplatz. Eine andere M\u00f6glichkeit f\u00fcr eine Umr\u00e4umung w\u00e4re dass der Element sich an einer anderen Stelle besser rentiert. Der Element bietet Sie Flexibilit\u00e4t und Wahlfreiheit.[\/vc_column_text][\/vc_column_inner][\/vc_row_inner][\/vc_column][\/vc_row][vc_row row_type=&#8220;parallax&#8220; text_align=&#8220;center&#8220; background_image=&#8220;96&#8243; css=&#8220;.vc_custom_1431525337701{padding-top: 100px !important;padding-bottom: 100px !important;}&#8220;][vc_column][vc_row_inner type=&#8220;grid&#8220; padding_top=&#8220;100&#8243; padding_bottom=&#8220;100&#8243;][vc_column_inner][vc_empty_space][vc_column_text]<\/p>\n<h2 style=\"text-align: center; color: #f0f0f0;\"><span style=\"color: #ffffff;\">FULL SERVICE KONZEPT<\/span><\/h2>\n<p>[vc_separator type=&#8217;small&#8216; position=&#8217;center&#8216; color=&#8217;#f0f0f0&#8242; thickness=&#8220; up=&#8220; down=&#8220;]<\/p>\n<h6 style=\"text-align: center; color: #f0f0f0;\"><span style=\"color: #ffffff;\">AlpCamp bietet ihren Kunden einen Full Service Konzept. Das bedeutet das wir Sorge tragen k\u00f6nnen f\u00fcr:<\/span><\/h6>\n<ul style=\"text-align: center; color: #f0f0f0; list-style: none;\">\n<li><span style=\"color: #ffffff;\">Entwurf, Bau , Transport und Installation des Elementes<\/span><\/li>\n<li><span style=\"color: #ffffff;\">Vermietung und finanzielle Berichterstattung<\/span><\/li>\n<li><span style=\"color: #ffffff;\">Unterhalt<\/span><\/li>\n<li><span style=\"color: #ffffff;\">und m\u00f6glicherweise Finanzierung<\/span><\/li>\n<\/ul>\n<p>[\/vc_column_text][vc_empty_space][\/vc_column_inner][\/vc_row_inner][\/vc_column][\/vc_row][vc_row type=&#8220;grid&#8220; background_color=&#8220;#ffffff&#8220; padding_top=&#8220;100&#8243; padding_bottom=&#8220;100&#8243;][vc_column][vc_row_inner][vc_column_inner][vc_column_text]<\/p>\n<table>\n<thead>\n<tr>\n<td><\/td>\n<th>\n<h3>Vergelijk<\/h3>\n<\/th>\n<th><img loading=\"lazy\" decoding=\"async\" class=\"alignnone size-full wp-image-388\" src=\"http:\/\/www.alpcamp.eu\/wp-content\/uploads\/2015\/05\/iconTent2.png\" alt=\"iconTent2\" width=\"236\" height=\"236\" srcset=\"https:\/\/www.alpcamp.eu\/wp-content\/uploads\/2015\/05\/iconTent2.png 236w, https:\/\/www.alpcamp.eu\/wp-content\/uploads\/2015\/05\/iconTent2-150x150.png 150w\" sizes=\"auto, (max-width: 236px) 100vw, 236px\" \/><\/th>\n<th>\u00a0<img loading=\"lazy\" decoding=\"async\" class=\"alignnone size-full wp-image-383\" src=\"http:\/\/www.alpcamp.eu\/wp-content\/uploads\/2015\/05\/iconCaravan.png\" alt=\"iconCaravan\" width=\"236\" height=\"236\" srcset=\"https:\/\/www.alpcamp.eu\/wp-content\/uploads\/2015\/05\/iconCaravan.png 236w, https:\/\/www.alpcamp.eu\/wp-content\/uploads\/2015\/05\/iconCaravan-150x150.png 150w\" sizes=\"auto, (max-width: 236px) 100vw, 236px\" \/><\/th>\n<th>\u00a0<img loading=\"lazy\" decoding=\"async\" class=\"alignnone size-full wp-image-382\" src=\"http:\/\/www.alpcamp.eu\/wp-content\/uploads\/2015\/05\/iconCamper.png\" alt=\"iconCamper\" width=\"236\" height=\"236\" srcset=\"https:\/\/www.alpcamp.eu\/wp-content\/uploads\/2015\/05\/iconCamper.png 236w, https:\/\/www.alpcamp.eu\/wp-content\/uploads\/2015\/05\/iconCamper-150x150.png 150w\" sizes=\"auto, (max-width: 236px) 100vw, 236px\" \/><\/th>\n<th>\u00a0<img loading=\"lazy\" decoding=\"async\" class=\"alignnone size-full wp-image-461\" src=\"http:\/\/www.alpcamp.eu\/wp-content\/uploads\/2015\/05\/iconMobile.png\" alt=\"iconMobile\" width=\"236\" height=\"236\" srcset=\"https:\/\/www.alpcamp.eu\/wp-content\/uploads\/2015\/05\/iconMobile.png 236w, https:\/\/www.alpcamp.eu\/wp-content\/uploads\/2015\/05\/iconMobile-150x150.png 150w\" sizes=\"auto, (max-width: 236px) 100vw, 236px\" \/><\/th>\n<th>\u00a0<img loading=\"lazy\" decoding=\"async\" class=\"alignnone size-full wp-image-384\" src=\"http:\/\/www.alpcamp.eu\/wp-content\/uploads\/2015\/05\/iconChalet.png\" alt=\"iconChalet\" width=\"236\" height=\"236\" srcset=\"https:\/\/www.alpcamp.eu\/wp-content\/uploads\/2015\/05\/iconChalet.png 236w, https:\/\/www.alpcamp.eu\/wp-content\/uploads\/2015\/05\/iconChalet-150x150.png 150w\" sizes=\"auto, (max-width: 236px) 100vw, 236px\" \/><\/th>\n<th>\u00a0<img loading=\"lazy\" decoding=\"async\" id=\"element\" class=\"alignnone size-full wp-image-463\" style=\"width: 70px; position: relative; top: 10px;\" src=\"http:\/\/www.alpcamp.eu\/wp-content\/uploads\/2015\/05\/iconElement.png\" alt=\"iconElement\" width=\"236\" height=\"236\" srcset=\"https:\/\/www.alpcamp.eu\/wp-content\/uploads\/2015\/05\/iconElement.png 236w, https:\/\/www.alpcamp.eu\/wp-content\/uploads\/2015\/05\/iconElement-150x150.png 150w\" sizes=\"auto, (max-width: 236px) 100vw, 236px\" \/><\/th>\n<\/tr>\n<tr>\n<td><\/td>\n<td><\/td>\n<th>Tent<\/th>\n<th>Caravan<\/th>\n<th>Camper<\/th>\n<th>Mobilhome<\/th>\n<th>Chalet<\/th>\n<th>Element<\/th>\n<\/tr>\n<\/thead>\n<tbody>\n<tr>\n<td><img loading=\"lazy\" decoding=\"async\" class=\"alignnone size-full wp-image-385\" src=\"http:\/\/www.alpcamp.eu\/wp-content\/uploads\/2015\/05\/iconMoney.png\" alt=\"iconMoney\" width=\"236\" height=\"236\" srcset=\"https:\/\/www.alpcamp.eu\/wp-content\/uploads\/2015\/05\/iconMoney.png 236w, https:\/\/www.alpcamp.eu\/wp-content\/uploads\/2015\/05\/iconMoney-150x150.png 150w\" sizes=\"auto, (max-width: 236px) 100vw, 236px\" \/><\/td>\n<th>Investierung x 1000 euro<\/th>\n<td style=\"text-align: center;\">6-35<\/td>\n<td style=\"text-align: center;\">20-50<\/td>\n<td style=\"text-align: center;\">60-120<\/td>\n<td style=\"text-align: center;\">40-100<\/td>\n<td style=\"text-align: center;\">60-300<\/td>\n<td style=\"text-align: center;\">50-175<\/td>\n<\/tr>\n<tr>\n<td>\u00a0<img loading=\"lazy\" decoding=\"async\" class=\"alignnone size-full wp-image-385\" src=\"http:\/\/www.alpcamp.eu\/wp-content\/uploads\/2015\/05\/iconMoney.png\" alt=\"iconMoney\" width=\"236\" height=\"236\" srcset=\"https:\/\/www.alpcamp.eu\/wp-content\/uploads\/2015\/05\/iconMoney.png 236w, https:\/\/www.alpcamp.eu\/wp-content\/uploads\/2015\/05\/iconMoney-150x150.png 150w\" sizes=\"auto, (max-width: 236px) 100vw, 236px\" \/><\/td>\n<th>Abschreibung<\/th>\n<td class=\"fa fa-check-circle\" style=\"color: red;\"><\/td>\n<td class=\"fa fa-check-circle\" style=\"color: red;\"><\/td>\n<td class=\"fa fa-check-circle\" style=\"color: red;\"><\/td>\n<td class=\"fa fa-check-circle\" style=\"color: gold;\"><\/td>\n<td class=\"fa fa-check-circle\" style=\"color: green;\"><\/td>\n<td class=\"fa fa-check-circle\" style=\"color: green;\"><\/td>\n<\/tr>\n<tr>\n<td>\u00a0<img loading=\"lazy\" decoding=\"async\" class=\"alignnone size-full wp-image-385\" src=\"http:\/\/www.alpcamp.eu\/wp-content\/uploads\/2015\/05\/iconMoney.png\" alt=\"iconMoney\" width=\"236\" height=\"236\" srcset=\"https:\/\/www.alpcamp.eu\/wp-content\/uploads\/2015\/05\/iconMoney.png 236w, https:\/\/www.alpcamp.eu\/wp-content\/uploads\/2015\/05\/iconMoney-150x150.png 150w\" sizes=\"auto, (max-width: 236px) 100vw, 236px\" \/><\/td>\n<th>Ertrag<\/th>\n<td class=\"fa fa-check-circle\" style=\"color: red;\"><\/td>\n<td class=\"fa fa-check-circle\" style=\"color: red;\"><\/td>\n<td class=\"fa fa-check-circle\" style=\"color: red;\"><\/td>\n<td class=\"fa fa-check-circle\" style=\"color: gold;\"><\/td>\n<td class=\"fa fa-check-circle\" style=\"color: green;\"><\/td>\n<td class=\"fa fa-check-circle\" style=\"color: green;\"><\/td>\n<\/tr>\n<tr>\n<td>\u00a0<img loading=\"lazy\" decoding=\"async\" class=\"alignnone size-full wp-image-385\" src=\"http:\/\/www.alpcamp.eu\/wp-content\/uploads\/2015\/05\/iconMoney.png\" alt=\"iconMoney\" width=\"236\" height=\"236\" srcset=\"https:\/\/www.alpcamp.eu\/wp-content\/uploads\/2015\/05\/iconMoney.png 236w, https:\/\/www.alpcamp.eu\/wp-content\/uploads\/2015\/05\/iconMoney-150x150.png 150w\" sizes=\"auto, (max-width: 236px) 100vw, 236px\" \/><\/td>\n<th>Lebensdauer<\/th>\n<td class=\"fa fa-check-circle\" style=\"color: red;\"><\/td>\n<td class=\"fa fa-check-circle\" style=\"color: gold;\"><\/td>\n<td class=\"fa fa-check-circle\" style=\"color: gold;\"><\/td>\n<td class=\"fa fa-check-circle\" style=\"color: gold;\"><\/td>\n<td class=\"fa fa-check-circle\" style=\"color: green;\"><\/td>\n<td class=\"fa fa-check-circle\" style=\"color: green;\"><\/td>\n<\/tr>\n<tr>\n<td>\u00a0<img loading=\"lazy\" decoding=\"async\" class=\"alignnone size-full wp-image-386\" src=\"http:\/\/www.alpcamp.eu\/wp-content\/uploads\/2015\/05\/iconScale.png\" alt=\"iconScale\" width=\"236\" height=\"236\" srcset=\"https:\/\/www.alpcamp.eu\/wp-content\/uploads\/2015\/05\/iconScale.png 236w, https:\/\/www.alpcamp.eu\/wp-content\/uploads\/2015\/05\/iconScale-150x150.png 150w\" sizes=\"auto, (max-width: 236px) 100vw, 236px\" \/><\/td>\n<th>Raum<\/th>\n<td class=\"fa fa-check-circle\" style=\"color: red;\"><\/td>\n<td class=\"fa fa-check-circle\" style=\"color: red;\"><\/td>\n<td class=\"fa fa-check-circle\" style=\"color: red;\"><\/td>\n<td class=\"fa fa-check-circle\" style=\"color: gold;\"><\/td>\n<td class=\"fa fa-check-circle\" style=\"color: gold;\"><\/td>\n<td class=\"fa fa-check-circle\" style=\"color: green;\"><\/td>\n<\/tr>\n<tr>\n<td>\u00a0<img loading=\"lazy\" decoding=\"async\" class=\"alignnone size-full wp-image-386\" src=\"http:\/\/www.alpcamp.eu\/wp-content\/uploads\/2015\/05\/iconScale.png\" alt=\"iconScale\" width=\"236\" height=\"236\" srcset=\"https:\/\/www.alpcamp.eu\/wp-content\/uploads\/2015\/05\/iconScale.png 236w, https:\/\/www.alpcamp.eu\/wp-content\/uploads\/2015\/05\/iconScale-150x150.png 150w\" sizes=\"auto, (max-width: 236px) 100vw, 236px\" \/><\/td>\n<th>Verbleibskomfort<\/th>\n<td class=\"fa fa-check-circle\" style=\"color: red;\"><\/td>\n<td class=\"fa fa-check-circle\" style=\"color: gold;\"><\/td>\n<td class=\"fa fa-check-circle\" style=\"color: gold;\"><\/td>\n<td class=\"fa fa-check-circle\" style=\"color: gold;\"><\/td>\n<td class=\"fa fa-check-circle\" style=\"color: green;\"><\/td>\n<td class=\"fa fa-check-circle\" style=\"color: green;\"><\/td>\n<\/tr>\n<tr>\n<td>\u00a0<img loading=\"lazy\" decoding=\"async\" class=\"alignnone size-full wp-image-386\" src=\"http:\/\/www.alpcamp.eu\/wp-content\/uploads\/2015\/05\/iconScale.png\" alt=\"iconScale\" width=\"236\" height=\"236\" srcset=\"https:\/\/www.alpcamp.eu\/wp-content\/uploads\/2015\/05\/iconScale.png 236w, https:\/\/www.alpcamp.eu\/wp-content\/uploads\/2015\/05\/iconScale-150x150.png 150w\" sizes=\"auto, (max-width: 236px) 100vw, 236px\" \/><\/td>\n<th>Reisekomfort<\/th>\n<td class=\"fa fa-check-circle\" style=\"color: red;\"><\/td>\n<td class=\"fa fa-check-circle\" style=\"color: red;\"><\/td>\n<td class=\"fa fa-check-circle\" style=\"color: gold;\"><\/td>\n<td class=\"fa fa-check-circle\" style=\"color: green;\"><\/td>\n<td class=\"fa fa-check-circle\" style=\"color: green;\"><\/td>\n<td class=\"fa fa-check-circle\" style=\"color: green;\"><\/td>\n<\/tr>\n<tr>\n<td><img loading=\"lazy\" decoding=\"async\" class=\"alignnone size-full wp-image-386\" src=\"http:\/\/www.alpcamp.eu\/wp-content\/uploads\/2015\/05\/iconScale.png\" alt=\"iconScale\" width=\"236\" height=\"236\" srcset=\"https:\/\/www.alpcamp.eu\/wp-content\/uploads\/2015\/05\/iconScale.png 236w, https:\/\/www.alpcamp.eu\/wp-content\/uploads\/2015\/05\/iconScale-150x150.png 150w\" sizes=\"auto, (max-width: 236px) 100vw, 236px\" \/><\/td>\n<th>Geeignet Familie\/Gruppe<\/th>\n<td class=\"fa fa-check-circle\" style=\"color: red;\"><\/td>\n<td class=\"fa fa-check-circle\" style=\"color: red;\"><\/td>\n<td class=\"fa fa-check-circle\" style=\"color: red;\"><\/td>\n<td class=\"fa fa-check-circle\" style=\"color: green;\"><\/td>\n<td class=\"fa fa-check-circle\" style=\"color: green;\"><\/td>\n<td class=\"fa fa-check-circle\" style=\"color: green;\"><\/td>\n<\/tr>\n<tr>\n<td>\u00a0<img loading=\"lazy\" decoding=\"async\" class=\"alignnone size-full wp-image-386\" src=\"http:\/\/www.alpcamp.eu\/wp-content\/uploads\/2015\/05\/iconScale.png\" alt=\"iconScale\" width=\"236\" height=\"236\" srcset=\"https:\/\/www.alpcamp.eu\/wp-content\/uploads\/2015\/05\/iconScale.png 236w, https:\/\/www.alpcamp.eu\/wp-content\/uploads\/2015\/05\/iconScale-150x150.png 150w\" sizes=\"auto, (max-width: 236px) 100vw, 236px\" \/><\/td>\n<th>Mobilitat<\/th>\n<td class=\"fa fa-check-circle\" style=\"color: green;\"><\/td>\n<td class=\"fa fa-check-circle\" style=\"color: green;\"><\/td>\n<td class=\"fa fa-check-circle\" style=\"color: green;\"><\/td>\n<td class=\"fa fa-check-circle\" style=\"color: red;\"><\/td>\n<td class=\"fa fa-check-circle\" style=\"color: red;\"><\/td>\n<td class=\"fa fa-check-circle\" style=\"color: green;\"><\/td>\n<\/tr>\n<tr>\n<td>\u00a0<img loading=\"lazy\" decoding=\"async\" class=\"alignnone size-full wp-image-386\" src=\"http:\/\/www.alpcamp.eu\/wp-content\/uploads\/2015\/05\/iconScale.png\" alt=\"iconScale\" width=\"236\" height=\"236\" srcset=\"https:\/\/www.alpcamp.eu\/wp-content\/uploads\/2015\/05\/iconScale.png 236w, https:\/\/www.alpcamp.eu\/wp-content\/uploads\/2015\/05\/iconScale-150x150.png 150w\" sizes=\"auto, (max-width: 236px) 100vw, 236px\" \/><\/td>\n<th>Anpassen am Trend<\/th>\n<td class=\"fa fa-check-circle\" style=\"color: red;\"><\/td>\n<td class=\"fa fa-check-circle\" style=\"color: red;\"><\/td>\n<td class=\"fa fa-check-circle\" style=\"color: red;\"><\/td>\n<td class=\"fa fa-check-circle\" style=\"color: red;\"><\/td>\n<td class=\"fa fa-check-circle\" style=\"color: green;\"><\/td>\n<td class=\"fa fa-check-circle\" style=\"color: green;\"><\/td>\n<\/tr>\n<\/tbody>\n<\/table>\n<p>[\/vc_column_text][\/vc_column_inner][\/vc_row_inner][\/vc_column][\/vc_row]<\/p>\n<\/div>","protected":false},"excerpt":{"rendered":"<p>[vc_row][vc_column][vc_column_text] &nbsp; [\/vc_column_text][\/vc_column][\/vc_row][vc_row type=&#8220;grid&#8220; css=&#8220;.vc_custom_1481140599832{padding-top: 100px !important;padding-bottom: 100px !important;}&#8220;][vc_column][vc_row_inner type=&#8220;grid&#8220;][vc_column_inner width=&#8220;1\/2&#8243;][vc_column_text] F\u00fcr den gesch\u00e4ftlichen Markt [vc_separator type=&#8217;small&#8216; position=&#8217;left&#8216; color=&#8220; thickness=&#8220;&#8230;<\/p>\n","protected":false},"author":2,"featured_media":0,"parent":0,"menu_order":0,"comment_status":"open","ping_status":"open","template":"full_width.php","meta":{"footnotes":""},"class_list":["post-1084","page","type-page","status-publish","hentry"],"yoast_head":"<!-- This site is optimized with the Yoast SEO plugin v27.3 - https:\/\/yoast.com\/product\/yoast-seo-wordpress\/ -->\n<title>Investierung - AlpCamp<\/title>\n<meta name=\"robots\" content=\"index, follow, max-snippet:-1, max-image-preview:large, max-video-preview:-1\" \/>\n<link rel=\"canonical\" href=\"https:\/\/www.alpcamp.eu\/de\/investierung\/\" \/>\n<meta property=\"og:locale\" content=\"de_DE\" \/>\n<meta property=\"og:type\" content=\"article\" \/>\n<meta property=\"og:title\" content=\"Investierung - AlpCamp\" \/>\n<meta property=\"og:description\" content=\"[vc_row][vc_column][vc_column_text] &nbsp; [\/vc_column_text][\/vc_column][\/vc_row][vc_row type=&#8220;grid&#8220; css=&#8220;.vc_custom_1481140599832{padding-top: 100px !important;padding-bottom: 100px !important;}&#8220;][vc_column][vc_row_inner type=&#8220;grid&#8220;][vc_column_inner width=&#8220;1\/2&#8243;][vc_column_text] F\u00fcr den gesch\u00e4ftlichen Markt [vc_separator type=&#8217;small&#8216; position=&#8217;left&#8216; color=&#8220; thickness=&#8220;...\" \/>\n<meta property=\"og:url\" content=\"https:\/\/www.alpcamp.eu\/de\/investierung\/\" \/>\n<meta property=\"og:site_name\" content=\"AlpCamp\" \/>\n<meta property=\"article:publisher\" content=\"https:\/\/www.facebook.com\/Alpcamp.eu\/\" \/>\n<meta property=\"article:modified_time\" content=\"2020-05-21T11:48:21+00:00\" \/>\n<meta property=\"og:image\" content=\"http:\/\/www.alpcamp.eu\/wp-content\/uploads\/2015\/05\/iconTent2.png\" \/>\n<meta name=\"twitter:card\" content=\"summary_large_image\" \/>\n<meta name=\"twitter:label1\" content=\"Gesch\u00e4tzte Lesezeit\" \/>\n\t<meta name=\"twitter:data1\" content=\"3\u00a0Minuten\" \/>\n<script type=\"application\/ld+json\" class=\"yoast-schema-graph\">{\"@context\":\"https:\\\/\\\/schema.org\",\"@graph\":[{\"@type\":\"WebPage\",\"@id\":\"https:\\\/\\\/www.alpcamp.eu\\\/de\\\/investierung\\\/\",\"url\":\"https:\\\/\\\/www.alpcamp.eu\\\/de\\\/investierung\\\/\",\"name\":\"Investierung - AlpCamp\",\"isPartOf\":{\"@id\":\"https:\\\/\\\/www.alpcamp.eu\\\/#website\"},\"primaryImageOfPage\":{\"@id\":\"https:\\\/\\\/www.alpcamp.eu\\\/de\\\/investierung\\\/#primaryimage\"},\"image\":{\"@id\":\"https:\\\/\\\/www.alpcamp.eu\\\/de\\\/investierung\\\/#primaryimage\"},\"thumbnailUrl\":\"http:\\\/\\\/www.alpcamp.eu\\\/wp-content\\\/uploads\\\/2015\\\/05\\\/iconTent2.png\",\"datePublished\":\"2016-02-21T20:05:06+00:00\",\"dateModified\":\"2020-05-21T11:48:21+00:00\",\"breadcrumb\":{\"@id\":\"https:\\\/\\\/www.alpcamp.eu\\\/de\\\/investierung\\\/#breadcrumb\"},\"inLanguage\":\"de\",\"potentialAction\":[{\"@type\":\"ReadAction\",\"target\":[\"https:\\\/\\\/www.alpcamp.eu\\\/de\\\/investierung\\\/\"]}]},{\"@type\":\"ImageObject\",\"inLanguage\":\"de\",\"@id\":\"https:\\\/\\\/www.alpcamp.eu\\\/de\\\/investierung\\\/#primaryimage\",\"url\":\"http:\\\/\\\/www.alpcamp.eu\\\/wp-content\\\/uploads\\\/2015\\\/05\\\/iconTent2.png\",\"contentUrl\":\"http:\\\/\\\/www.alpcamp.eu\\\/wp-content\\\/uploads\\\/2015\\\/05\\\/iconTent2.png\"},{\"@type\":\"BreadcrumbList\",\"@id\":\"https:\\\/\\\/www.alpcamp.eu\\\/de\\\/investierung\\\/#breadcrumb\",\"itemListElement\":[{\"@type\":\"ListItem\",\"position\":1,\"name\":\"Home\",\"item\":\"https:\\\/\\\/www.alpcamp.eu\\\/de\\\/\"},{\"@type\":\"ListItem\",\"position\":2,\"name\":\"Investierung\"}]},{\"@type\":\"WebSite\",\"@id\":\"https:\\\/\\\/www.alpcamp.eu\\\/#website\",\"url\":\"https:\\\/\\\/www.alpcamp.eu\\\/\",\"name\":\"AlpCamp\",\"description\":\"\",\"publisher\":{\"@id\":\"https:\\\/\\\/www.alpcamp.eu\\\/#organization\"},\"potentialAction\":[{\"@type\":\"SearchAction\",\"target\":{\"@type\":\"EntryPoint\",\"urlTemplate\":\"https:\\\/\\\/www.alpcamp.eu\\\/?s={search_term_string}\"},\"query-input\":{\"@type\":\"PropertyValueSpecification\",\"valueRequired\":true,\"valueName\":\"search_term_string\"}}],\"inLanguage\":\"de\"},{\"@type\":\"Organization\",\"@id\":\"https:\\\/\\\/www.alpcamp.eu\\\/#organization\",\"name\":\"12Camp BV\",\"url\":\"https:\\\/\\\/www.alpcamp.eu\\\/\",\"logo\":{\"@type\":\"ImageObject\",\"inLanguage\":\"de\",\"@id\":\"https:\\\/\\\/www.alpcamp.eu\\\/#\\\/schema\\\/logo\\\/image\\\/\",\"url\":\"https:\\\/\\\/www.alpcamp.eu\\\/wp-content\\\/uploads\\\/2015\\\/08\\\/logo-12Campv2.1-01.png\",\"contentUrl\":\"https:\\\/\\\/www.alpcamp.eu\\\/wp-content\\\/uploads\\\/2015\\\/08\\\/logo-12Campv2.1-01.png\",\"width\":953,\"height\":337,\"caption\":\"12Camp BV\"},\"image\":{\"@id\":\"https:\\\/\\\/www.alpcamp.eu\\\/#\\\/schema\\\/logo\\\/image\\\/\"},\"sameAs\":[\"https:\\\/\\\/www.facebook.com\\\/Alpcamp.eu\\\/\"]}]}<\/script>\n<!-- \/ Yoast SEO plugin. -->","yoast_head_json":{"title":"Investierung - AlpCamp","robots":{"index":"index","follow":"follow","max-snippet":"max-snippet:-1","max-image-preview":"max-image-preview:large","max-video-preview":"max-video-preview:-1"},"canonical":"https:\/\/www.alpcamp.eu\/de\/investierung\/","og_locale":"de_DE","og_type":"article","og_title":"Investierung - AlpCamp","og_description":"[vc_row][vc_column][vc_column_text] &nbsp; [\/vc_column_text][\/vc_column][\/vc_row][vc_row type=&#8220;grid&#8220; css=&#8220;.vc_custom_1481140599832{padding-top: 100px !important;padding-bottom: 100px !important;}&#8220;][vc_column][vc_row_inner type=&#8220;grid&#8220;][vc_column_inner width=&#8220;1\/2&#8243;][vc_column_text] F\u00fcr den gesch\u00e4ftlichen Markt [vc_separator type=&#8217;small&#8216; position=&#8217;left&#8216; color=&#8220; thickness=&#8220;...","og_url":"https:\/\/www.alpcamp.eu\/de\/investierung\/","og_site_name":"AlpCamp","article_publisher":"https:\/\/www.facebook.com\/Alpcamp.eu\/","article_modified_time":"2020-05-21T11:48:21+00:00","og_image":[{"url":"http:\/\/www.alpcamp.eu\/wp-content\/uploads\/2015\/05\/iconTent2.png","type":"","width":"","height":""}],"twitter_card":"summary_large_image","twitter_misc":{"Gesch\u00e4tzte Lesezeit":"3\u00a0Minuten"},"schema":{"@context":"https:\/\/schema.org","@graph":[{"@type":"WebPage","@id":"https:\/\/www.alpcamp.eu\/de\/investierung\/","url":"https:\/\/www.alpcamp.eu\/de\/investierung\/","name":"Investierung - AlpCamp","isPartOf":{"@id":"https:\/\/www.alpcamp.eu\/#website"},"primaryImageOfPage":{"@id":"https:\/\/www.alpcamp.eu\/de\/investierung\/#primaryimage"},"image":{"@id":"https:\/\/www.alpcamp.eu\/de\/investierung\/#primaryimage"},"thumbnailUrl":"http:\/\/www.alpcamp.eu\/wp-content\/uploads\/2015\/05\/iconTent2.png","datePublished":"2016-02-21T20:05:06+00:00","dateModified":"2020-05-21T11:48:21+00:00","breadcrumb":{"@id":"https:\/\/www.alpcamp.eu\/de\/investierung\/#breadcrumb"},"inLanguage":"de","potentialAction":[{"@type":"ReadAction","target":["https:\/\/www.alpcamp.eu\/de\/investierung\/"]}]},{"@type":"ImageObject","inLanguage":"de","@id":"https:\/\/www.alpcamp.eu\/de\/investierung\/#primaryimage","url":"http:\/\/www.alpcamp.eu\/wp-content\/uploads\/2015\/05\/iconTent2.png","contentUrl":"http:\/\/www.alpcamp.eu\/wp-content\/uploads\/2015\/05\/iconTent2.png"},{"@type":"BreadcrumbList","@id":"https:\/\/www.alpcamp.eu\/de\/investierung\/#breadcrumb","itemListElement":[{"@type":"ListItem","position":1,"name":"Home","item":"https:\/\/www.alpcamp.eu\/de\/"},{"@type":"ListItem","position":2,"name":"Investierung"}]},{"@type":"WebSite","@id":"https:\/\/www.alpcamp.eu\/#website","url":"https:\/\/www.alpcamp.eu\/","name":"AlpCamp","description":"","publisher":{"@id":"https:\/\/www.alpcamp.eu\/#organization"},"potentialAction":[{"@type":"SearchAction","target":{"@type":"EntryPoint","urlTemplate":"https:\/\/www.alpcamp.eu\/?s={search_term_string}"},"query-input":{"@type":"PropertyValueSpecification","valueRequired":true,"valueName":"search_term_string"}}],"inLanguage":"de"},{"@type":"Organization","@id":"https:\/\/www.alpcamp.eu\/#organization","name":"12Camp BV","url":"https:\/\/www.alpcamp.eu\/","logo":{"@type":"ImageObject","inLanguage":"de","@id":"https:\/\/www.alpcamp.eu\/#\/schema\/logo\/image\/","url":"https:\/\/www.alpcamp.eu\/wp-content\/uploads\/2015\/08\/logo-12Campv2.1-01.png","contentUrl":"https:\/\/www.alpcamp.eu\/wp-content\/uploads\/2015\/08\/logo-12Campv2.1-01.png","width":953,"height":337,"caption":"12Camp BV"},"image":{"@id":"https:\/\/www.alpcamp.eu\/#\/schema\/logo\/image\/"},"sameAs":["https:\/\/www.facebook.com\/Alpcamp.eu\/"]}]}},"_links":{"self":[{"href":"https:\/\/www.alpcamp.eu\/de\/wp-json\/wp\/v2\/pages\/1084","targetHints":{"allow":["GET"]}}],"collection":[{"href":"https:\/\/www.alpcamp.eu\/de\/wp-json\/wp\/v2\/pages"}],"about":[{"href":"https:\/\/www.alpcamp.eu\/de\/wp-json\/wp\/v2\/types\/page"}],"author":[{"embeddable":true,"href":"https:\/\/www.alpcamp.eu\/de\/wp-json\/wp\/v2\/users\/2"}],"replies":[{"embeddable":true,"href":"https:\/\/www.alpcamp.eu\/de\/wp-json\/wp\/v2\/comments?post=1084"}],"version-history":[{"count":17,"href":"https:\/\/www.alpcamp.eu\/de\/wp-json\/wp\/v2\/pages\/1084\/revisions"}],"predecessor-version":[{"id":3580,"href":"https:\/\/www.alpcamp.eu\/de\/wp-json\/wp\/v2\/pages\/1084\/revisions\/3580"}],"wp:attachment":[{"href":"https:\/\/www.alpcamp.eu\/de\/wp-json\/wp\/v2\/media?parent=1084"}],"curies":[{"name":"wp","href":"https:\/\/api.w.org\/{rel}","templated":true}]}}