{"id":999,"date":"2016-02-06T16:53:34","date_gmt":"2016-02-06T15:53:34","guid":{"rendered":"http:\/\/www.alpcamp.eu\/de\/?page_id=999"},"modified":"2016-12-07T16:41:38","modified_gmt":"2016-12-07T15:41:38","slug":"skien","status":"publish","type":"page","link":"https:\/\/www.alpcamp.eu\/de\/actief\/skien\/","title":{"rendered":"Ski\u00ebn"},"content":{"rendered":"<div class=\"wpb-content-wrapper\"><p>[vc_row css_animation=&#8220;element_from_fade&#8220; type=&#8220;grid&#8220; padding_top=&#8220;100&#8243; padding_bottom=&#8220;100&#8243;][vc_column][vc_row_inner type=&#8220;grid&#8220;][vc_column_inner width=&#8220;1\/2&#8243;][vc_column_text]Ski Urlaub in \u00d6sterreich das bedeutet sicher einen erfolgreichen Ski Ausflug. Daher ist der Alpenraum bereits seit vielen Jahre in Folge das ultimative Reiseziel f\u00fcr viele. Die \u00f6sterreichischen Alpen werden als Wiege des Ski fahren betrachtet und die vielen wohlhabenden Skigebiete bieten dem Urlauber eine riesige Abwechslung. Es gibt sowohl kleine, nette Familien Skigebiete als gro\u00dfe zusammenh\u00e4ngende Gebiete mit zahlreichen Pisten f\u00fcr Fortgeschrittene. Leute die einen erholsamen Urlaub genie\u00dfen wollen, finden in \u00d6sterreich urspr\u00fcngliche, ruhige Bergd\u00f6rfer; Party Tiere k\u00f6nnen zu einem der weltlichen Apr\u00e8s-Ski Zentren gehen. Ein Ski Urlaub in \u00d6sterreich bietet nicht nur sportliche, sondern auch kulinarische H\u00f6hepunkte. In den gem\u00fctlichen Bergh\u00fctten in den Skigebieten kann man die typisch \u00f6sterreichischen Spezialit\u00e4ten genie\u00dfen und nach einem anstrengenden Tag auf der Piste kann man den Tag in einer gem\u00fctlichen Kneipe oder Apr\u00e8s-Ski H\u00fctte ein Ende machen.<\/p>\n<p>[\/vc_column_text][\/vc_column_inner][vc_column_inner width=&#8220;1\/2&#8243;][vc_column_text]Dar\u00fcber hinaus ist \u00d6sterreich auch ein ideales Ziel f\u00fcr alle, die einen ruhigen Wintersport m\u00f6gen. In einem der traditionellen Bergd\u00f6rfer kann man sich hervorragend entspannen. Oder man kann sich selber belohnen f\u00fcr seine Wintersportbem\u00fchungen mit einer herrlichen Wellnessbehandlung .<\/p>\n<p>Die Vielfalt der Pisten in \u00d6sterreich machen das Land auch zu einem perfekten Ziel f\u00fcr Snowboarder aller Stufen. Erfahrene Snowboarder haben die M\u00f6glichkeit an vielen Steilh\u00e4ngen herab zu fahren; und f\u00fcr die Anf\u00e4nger gibt es reichlich Gelegenheit um auf einen breiten und ruhigen Hang die Technik zu bew\u00e4ltigen.<\/p>\n<p>\u00d6sterreich hat auch eine wundersch\u00f6ne Natur mit ausgedehnten W\u00e4ldern und ist eines der waldreichsten L\u00e4nder Europas. Die h\u00f6chsten Gipfel der \u00f6sterreichischen Alpen erreichen eine H\u00f6he von fast 4000 Metern.<\/p>\n<p>Aus dem AlpCamp Element in Tirol erlebt man es mit den Freunden oder mit der Familie.[\/vc_column_text][\/vc_column_inner][\/vc_row_inner][\/vc_column][\/vc_row][vc_row row_type=&#8220;parallax&#8220; background_image=&#8220;24&#8243; section_height=&#8220;500&#8243;][vc_column][vc_column_text]<br \/>\n[\/vc_column_text][\/vc_column][\/vc_row]<\/p>\n<\/div>","protected":false},"excerpt":{"rendered":"<p>[vc_row css_animation=&#8220;element_from_fade&#8220; type=&#8220;grid&#8220; padding_top=&#8220;100&#8243; padding_bottom=&#8220;100&#8243;][vc_column][vc_row_inner type=&#8220;grid&#8220;][vc_column_inner width=&#8220;1\/2&#8243;][vc_column_text]Ski Urlaub in \u00d6sterreich das bedeutet sicher einen erfolgreichen Ski Ausflug. Daher ist der&#8230;<\/p>\n","protected":false},"author":2,"featured_media":0,"parent":984,"menu_order":0,"comment_status":"open","ping_status":"open","template":"full_width.php","meta":{"footnotes":""},"class_list":["post-999","page","type-page","status-publish","hentry"],"yoast_head":"<!-- This site is optimized with the Yoast SEO plugin v27.3 - https:\/\/yoast.com\/product\/yoast-seo-wordpress\/ -->\n<title>Ski\u00ebn - AlpCamp<\/title>\n<meta name=\"robots\" content=\"index, follow, max-snippet:-1, max-image-preview:large, max-video-preview:-1\" \/>\n<link rel=\"canonical\" href=\"https:\/\/www.alpcamp.eu\/de\/actief\/skien\/\" \/>\n<meta property=\"og:locale\" content=\"de_DE\" \/>\n<meta property=\"og:type\" content=\"article\" \/>\n<meta property=\"og:title\" content=\"Ski\u00ebn - AlpCamp\" \/>\n<meta property=\"og:description\" content=\"[vc_row css_animation=&#8220;element_from_fade&#8220; type=&#8220;grid&#8220; padding_top=&#8220;100&#8243; padding_bottom=&#8220;100&#8243;][vc_column][vc_row_inner type=&#8220;grid&#8220;][vc_column_inner width=&#8220;1\/2&#8243;][vc_column_text]Ski Urlaub in \u00d6sterreich das bedeutet sicher einen erfolgreichen Ski Ausflug. Daher ist der...\" \/>\n<meta property=\"og:url\" content=\"https:\/\/www.alpcamp.eu\/de\/actief\/skien\/\" \/>\n<meta property=\"og:site_name\" content=\"AlpCamp\" \/>\n<meta property=\"article:publisher\" content=\"https:\/\/www.facebook.com\/Alpcamp.eu\/\" \/>\n<meta property=\"article:modified_time\" content=\"2016-12-07T15:41:38+00:00\" \/>\n<meta name=\"twitter:card\" content=\"summary_large_image\" \/>\n<meta name=\"twitter:label1\" content=\"Gesch\u00e4tzte Lesezeit\" \/>\n\t<meta name=\"twitter:data1\" content=\"2\u00a0Minuten\" \/>\n<script type=\"application\/ld+json\" class=\"yoast-schema-graph\">{\"@context\":\"https:\\\/\\\/schema.org\",\"@graph\":[{\"@type\":\"WebPage\",\"@id\":\"https:\\\/\\\/www.alpcamp.eu\\\/de\\\/actief\\\/skien\\\/\",\"url\":\"https:\\\/\\\/www.alpcamp.eu\\\/de\\\/actief\\\/skien\\\/\",\"name\":\"Ski\u00ebn - AlpCamp\",\"isPartOf\":{\"@id\":\"https:\\\/\\\/www.alpcamp.eu\\\/#website\"},\"datePublished\":\"2016-02-06T15:53:34+00:00\",\"dateModified\":\"2016-12-07T15:41:38+00:00\",\"breadcrumb\":{\"@id\":\"https:\\\/\\\/www.alpcamp.eu\\\/de\\\/actief\\\/skien\\\/#breadcrumb\"},\"inLanguage\":\"de\",\"potentialAction\":[{\"@type\":\"ReadAction\",\"target\":[\"https:\\\/\\\/www.alpcamp.eu\\\/de\\\/actief\\\/skien\\\/\"]}]},{\"@type\":\"BreadcrumbList\",\"@id\":\"https:\\\/\\\/www.alpcamp.eu\\\/de\\\/actief\\\/skien\\\/#breadcrumb\",\"itemListElement\":[{\"@type\":\"ListItem\",\"position\":1,\"name\":\"Home\",\"item\":\"https:\\\/\\\/www.alpcamp.eu\\\/de\\\/\"},{\"@type\":\"ListItem\",\"position\":2,\"name\":\"Actief\",\"item\":\"https:\\\/\\\/www.alpcamp.eu\\\/de\\\/actief\\\/\"},{\"@type\":\"ListItem\",\"position\":3,\"name\":\"Ski\u00ebn\"}]},{\"@type\":\"WebSite\",\"@id\":\"https:\\\/\\\/www.alpcamp.eu\\\/#website\",\"url\":\"https:\\\/\\\/www.alpcamp.eu\\\/\",\"name\":\"AlpCamp\",\"description\":\"\",\"publisher\":{\"@id\":\"https:\\\/\\\/www.alpcamp.eu\\\/#organization\"},\"potentialAction\":[{\"@type\":\"SearchAction\",\"target\":{\"@type\":\"EntryPoint\",\"urlTemplate\":\"https:\\\/\\\/www.alpcamp.eu\\\/?s={search_term_string}\"},\"query-input\":{\"@type\":\"PropertyValueSpecification\",\"valueRequired\":true,\"valueName\":\"search_term_string\"}}],\"inLanguage\":\"de\"},{\"@type\":\"Organization\",\"@id\":\"https:\\\/\\\/www.alpcamp.eu\\\/#organization\",\"name\":\"12Camp BV\",\"url\":\"https:\\\/\\\/www.alpcamp.eu\\\/\",\"logo\":{\"@type\":\"ImageObject\",\"inLanguage\":\"de\",\"@id\":\"https:\\\/\\\/www.alpcamp.eu\\\/#\\\/schema\\\/logo\\\/image\\\/\",\"url\":\"https:\\\/\\\/www.alpcamp.eu\\\/wp-content\\\/uploads\\\/2015\\\/08\\\/logo-12Campv2.1-01.png\",\"contentUrl\":\"https:\\\/\\\/www.alpcamp.eu\\\/wp-content\\\/uploads\\\/2015\\\/08\\\/logo-12Campv2.1-01.png\",\"width\":953,\"height\":337,\"caption\":\"12Camp BV\"},\"image\":{\"@id\":\"https:\\\/\\\/www.alpcamp.eu\\\/#\\\/schema\\\/logo\\\/image\\\/\"},\"sameAs\":[\"https:\\\/\\\/www.facebook.com\\\/Alpcamp.eu\\\/\"]}]}<\/script>\n<!-- \/ Yoast SEO plugin. -->","yoast_head_json":{"title":"Ski\u00ebn - AlpCamp","robots":{"index":"index","follow":"follow","max-snippet":"max-snippet:-1","max-image-preview":"max-image-preview:large","max-video-preview":"max-video-preview:-1"},"canonical":"https:\/\/www.alpcamp.eu\/de\/actief\/skien\/","og_locale":"de_DE","og_type":"article","og_title":"Ski\u00ebn - AlpCamp","og_description":"[vc_row css_animation=&#8220;element_from_fade&#8220; type=&#8220;grid&#8220; padding_top=&#8220;100&#8243; padding_bottom=&#8220;100&#8243;][vc_column][vc_row_inner type=&#8220;grid&#8220;][vc_column_inner width=&#8220;1\/2&#8243;][vc_column_text]Ski Urlaub in \u00d6sterreich das bedeutet sicher einen erfolgreichen Ski Ausflug. Daher ist der...","og_url":"https:\/\/www.alpcamp.eu\/de\/actief\/skien\/","og_site_name":"AlpCamp","article_publisher":"https:\/\/www.facebook.com\/Alpcamp.eu\/","article_modified_time":"2016-12-07T15:41:38+00:00","twitter_card":"summary_large_image","twitter_misc":{"Gesch\u00e4tzte Lesezeit":"2\u00a0Minuten"},"schema":{"@context":"https:\/\/schema.org","@graph":[{"@type":"WebPage","@id":"https:\/\/www.alpcamp.eu\/de\/actief\/skien\/","url":"https:\/\/www.alpcamp.eu\/de\/actief\/skien\/","name":"Ski\u00ebn - AlpCamp","isPartOf":{"@id":"https:\/\/www.alpcamp.eu\/#website"},"datePublished":"2016-02-06T15:53:34+00:00","dateModified":"2016-12-07T15:41:38+00:00","breadcrumb":{"@id":"https:\/\/www.alpcamp.eu\/de\/actief\/skien\/#breadcrumb"},"inLanguage":"de","potentialAction":[{"@type":"ReadAction","target":["https:\/\/www.alpcamp.eu\/de\/actief\/skien\/"]}]},{"@type":"BreadcrumbList","@id":"https:\/\/www.alpcamp.eu\/de\/actief\/skien\/#breadcrumb","itemListElement":[{"@type":"ListItem","position":1,"name":"Home","item":"https:\/\/www.alpcamp.eu\/de\/"},{"@type":"ListItem","position":2,"name":"Actief","item":"https:\/\/www.alpcamp.eu\/de\/actief\/"},{"@type":"ListItem","position":3,"name":"Ski\u00ebn"}]},{"@type":"WebSite","@id":"https:\/\/www.alpcamp.eu\/#website","url":"https:\/\/www.alpcamp.eu\/","name":"AlpCamp","description":"","publisher":{"@id":"https:\/\/www.alpcamp.eu\/#organization"},"potentialAction":[{"@type":"SearchAction","target":{"@type":"EntryPoint","urlTemplate":"https:\/\/www.alpcamp.eu\/?s={search_term_string}"},"query-input":{"@type":"PropertyValueSpecification","valueRequired":true,"valueName":"search_term_string"}}],"inLanguage":"de"},{"@type":"Organization","@id":"https:\/\/www.alpcamp.eu\/#organization","name":"12Camp BV","url":"https:\/\/www.alpcamp.eu\/","logo":{"@type":"ImageObject","inLanguage":"de","@id":"https:\/\/www.alpcamp.eu\/#\/schema\/logo\/image\/","url":"https:\/\/www.alpcamp.eu\/wp-content\/uploads\/2015\/08\/logo-12Campv2.1-01.png","contentUrl":"https:\/\/www.alpcamp.eu\/wp-content\/uploads\/2015\/08\/logo-12Campv2.1-01.png","width":953,"height":337,"caption":"12Camp BV"},"image":{"@id":"https:\/\/www.alpcamp.eu\/#\/schema\/logo\/image\/"},"sameAs":["https:\/\/www.facebook.com\/Alpcamp.eu\/"]}]}},"_links":{"self":[{"href":"https:\/\/www.alpcamp.eu\/de\/wp-json\/wp\/v2\/pages\/999","targetHints":{"allow":["GET"]}}],"collection":[{"href":"https:\/\/www.alpcamp.eu\/de\/wp-json\/wp\/v2\/pages"}],"about":[{"href":"https:\/\/www.alpcamp.eu\/de\/wp-json\/wp\/v2\/types\/page"}],"author":[{"embeddable":true,"href":"https:\/\/www.alpcamp.eu\/de\/wp-json\/wp\/v2\/users\/2"}],"replies":[{"embeddable":true,"href":"https:\/\/www.alpcamp.eu\/de\/wp-json\/wp\/v2\/comments?post=999"}],"version-history":[{"count":3,"href":"https:\/\/www.alpcamp.eu\/de\/wp-json\/wp\/v2\/pages\/999\/revisions"}],"predecessor-version":[{"id":2088,"href":"https:\/\/www.alpcamp.eu\/de\/wp-json\/wp\/v2\/pages\/999\/revisions\/2088"}],"up":[{"embeddable":true,"href":"https:\/\/www.alpcamp.eu\/de\/wp-json\/wp\/v2\/pages\/984"}],"wp:attachment":[{"href":"https:\/\/www.alpcamp.eu\/de\/wp-json\/wp\/v2\/media?parent=999"}],"curies":[{"name":"wp","href":"https:\/\/api.w.org\/{rel}","templated":true}]}}