{"id":3180,"date":"2019-10-30T11:06:12","date_gmt":"2019-10-30T10:06:12","guid":{"rendered":"https:\/\/www.alpcamp.eu\/element-huren\/"},"modified":"2024-04-12T16:31:09","modified_gmt":"2024-04-12T15:31:09","slug":"element-huren","status":"publish","type":"page","link":"https:\/\/www.alpcamp.eu\/en\/element-huren\/","title":{"rendered":"Rent your holiday house in Tirol"},"content":{"rendered":"<div class=\"wpb-content-wrapper\"><p>[vc_row type=&#8221;grid&#8221; padding_top=&#8221;50&#8243; padding_bottom=&#8221;50&#8243;][vc_column][\/vc_column][\/vc_row][vc_row type=&#8221;grid&#8221;][vc_column][vc_column_text]<\/p>\n<h2>Why rent an Element (that&#8217;s how we call our dream house..)\u00a0 in Kramsach?<\/h2>\n<p>[\/vc_column_text][vc_empty_space][vc_single_image image=&#8221;3563&#8243; img_size=&#8221;medium&#8221; alignment=&#8221;center&#8221;][vc_empty_space][vc_row_inner][vc_column_inner width=&#8221;1\/2&#8243;][vc_column_text]<\/p>\n<ul class=\"check\">\n<li>Space : suitable for 10 persons (8 adults , two kids)<\/li>\n<li>Toplocation in Austria<\/li>\n<li>Child friendly<\/li>\n<li>All seasons glamping: the perfect accommodation for every season<\/li>\n<\/ul>\n<p>[\/vc_column_text][\/vc_column_inner][vc_column_inner width=&#8221;1\/2&#8243;][vc_column_text]<\/p>\n<ul class=\"check\">\n<li>Floorheating, Central heating and a cosey fire place (closed)<\/li>\n<li>Insulated : comfortable in winter, cool in summer<\/li>\n<li>Inclusive wellness showers and closets<\/li>\n<li>Starting from\u00a0 \u20ac 33 per person, per night in high season winter<\/li>\n<\/ul>\n<p>[\/vc_column_text][\/vc_column_inner][\/vc_row_inner][\/vc_column][\/vc_row][vc_row type=&#8221;grid&#8221; el_class=&#8221;m-b-ms&#8221;][vc_column][vc_column_text]<\/p>\n<h2>Virtual tour<\/h2>\n<p>Curious what our Element looks like from the inside?<br \/>\n(Note that that our units in Kramsach are a bit different, but it will give you an idea)[\/vc_column_text][\/vc_column][\/vc_row][vc_row padding_bottom=&#8221;30&#8243;][vc_column]<div class='qode_image_gallery_no_space dark highlight_active'><div class='qode_image_gallery_holder' style='height: 500px;'><ul><li><div style=\"height: 500px; width:628px;\"><a class=\"prettyphoto\" rel=\"prettyPhoto[rel-86214584]\" href=\"https:\/\/www.alpcamp.eu\/wp-content\/uploads\/2019\/12\/layout-Element-Alpcamp-Village-Kramsach.png\"><img decoding=\"async\" src=\"https:\/\/www.alpcamp.eu\/wp-content\/uploads\/2019\/12\/layout-Element-Alpcamp-Village-Kramsach.png\" alt=\"\" \/><\/a><\/div><\/li><li><div style=\"height: 500px; width:667px;\"><a class=\"prettyphoto\" rel=\"prettyPhoto[rel-86214584]\" href=\"https:\/\/www.alpcamp.eu\/wp-content\/uploads\/2020\/01\/IMG_5763.jpg\"><img decoding=\"async\" src=\"https:\/\/www.alpcamp.eu\/wp-content\/uploads\/2020\/01\/IMG_5763.jpg\" alt=\"\" \/><\/a><\/div><\/li><li><div style=\"height: 500px; width:750px;\"><a class=\"prettyphoto\" rel=\"prettyPhoto[rel-86214584]\" href=\"https:\/\/www.alpcamp.eu\/wp-content\/uploads\/2020\/01\/IMG_0064.jpg\"><img decoding=\"async\" src=\"https:\/\/www.alpcamp.eu\/wp-content\/uploads\/2020\/01\/IMG_0064.jpg\" alt=\"\" \/><\/a><\/div><\/li><li><div style=\"height: 500px; width:750px;\"><a class=\"prettyphoto\" rel=\"prettyPhoto[rel-86214584]\" href=\"https:\/\/www.alpcamp.eu\/wp-content\/uploads\/2020\/01\/IMG_0031.jpg\"><img decoding=\"async\" src=\"https:\/\/www.alpcamp.eu\/wp-content\/uploads\/2020\/01\/IMG_0031.jpg\" alt=\"\" \/><\/a><\/div><\/li><li><div style=\"height: 500px; width:667px;\"><a class=\"prettyphoto\" rel=\"prettyPhoto[rel-86214584]\" href=\"https:\/\/www.alpcamp.eu\/wp-content\/uploads\/2020\/01\/IMG_8481.jpg\"><img decoding=\"async\" src=\"https:\/\/www.alpcamp.eu\/wp-content\/uploads\/2020\/01\/IMG_8481.jpg\" alt=\"\" \/><\/a><\/div><\/li><li><div style=\"height: 500px; width:750px;\"><a class=\"prettyphoto\" rel=\"prettyPhoto[rel-86214584]\" href=\"https:\/\/www.alpcamp.eu\/wp-content\/uploads\/2020\/01\/IMG_0067.jpg\"><img decoding=\"async\" src=\"https:\/\/www.alpcamp.eu\/wp-content\/uploads\/2020\/01\/IMG_0067.jpg\" alt=\"\" \/><\/a><\/div><\/li><li><div style=\"height: 500px; width:667px;\"><a class=\"prettyphoto\" rel=\"prettyPhoto[rel-86214584]\" href=\"https:\/\/www.alpcamp.eu\/wp-content\/uploads\/2020\/01\/IMG_5717.jpg\"><img decoding=\"async\" src=\"https:\/\/www.alpcamp.eu\/wp-content\/uploads\/2020\/01\/IMG_5717.jpg\" alt=\"\" \/><\/a><\/div><\/li><li><div style=\"height: 500px; width:376px;\"><a class=\"prettyphoto\" rel=\"prettyPhoto[rel-86214584]\" href=\"https:\/\/www.alpcamp.eu\/wp-content\/uploads\/2020\/01\/PHOTO-2020-01-28-12-10-42.jpg\"><img decoding=\"async\" src=\"https:\/\/www.alpcamp.eu\/wp-content\/uploads\/2020\/01\/PHOTO-2020-01-28-12-10-42.jpg\" alt=\"\" \/><\/a><\/div><\/li><li><div style=\"height: 500px; width:375px;\"><a class=\"prettyphoto\" rel=\"prettyPhoto[rel-86214584]\" href=\"https:\/\/www.alpcamp.eu\/wp-content\/uploads\/2020\/01\/IMG_5740.jpg\"><img decoding=\"async\" src=\"https:\/\/www.alpcamp.eu\/wp-content\/uploads\/2020\/01\/IMG_5740.jpg\" alt=\"\" \/><\/a><\/div><\/li><li><div style=\"height: 500px; width:667px;\"><a class=\"prettyphoto\" rel=\"prettyPhoto[rel-86214584]\" href=\"https:\/\/www.alpcamp.eu\/wp-content\/uploads\/2020\/01\/IMG_5735.jpg\"><img decoding=\"async\" src=\"https:\/\/www.alpcamp.eu\/wp-content\/uploads\/2020\/01\/IMG_5735.jpg\" alt=\"\" \/><\/a><\/div><\/li><li><div style=\"height: 500px; width:375px;\"><a class=\"prettyphoto\" rel=\"prettyPhoto[rel-86214584]\" href=\"https:\/\/www.alpcamp.eu\/wp-content\/uploads\/2020\/01\/IMG_5729.jpg\"><img decoding=\"async\" src=\"https:\/\/www.alpcamp.eu\/wp-content\/uploads\/2020\/01\/IMG_5729.jpg\" alt=\"\" \/><\/a><\/div><\/li><li><div style=\"height: 500px; width:667px;\"><a class=\"prettyphoto\" rel=\"prettyPhoto[rel-86214584]\" href=\"https:\/\/www.alpcamp.eu\/wp-content\/uploads\/2020\/01\/IMG_5713.jpg\"><img decoding=\"async\" src=\"https:\/\/www.alpcamp.eu\/wp-content\/uploads\/2020\/01\/IMG_5713.jpg\" alt=\"\" \/><\/a><\/div><\/li><li><div style=\"height: 500px; width:750px;\"><a class=\"prettyphoto\" rel=\"prettyPhoto[rel-86214584]\" href=\"https:\/\/www.alpcamp.eu\/wp-content\/uploads\/2020\/01\/IMG_0023.jpg\"><img decoding=\"async\" src=\"https:\/\/www.alpcamp.eu\/wp-content\/uploads\/2020\/01\/IMG_0023.jpg\" alt=\"\" \/><\/a><\/div><\/li><li><div style=\"height: 500px; width:508px;\"><a class=\"prettyphoto\" rel=\"prettyPhoto[rel-86214584]\" href=\"https:\/\/www.alpcamp.eu\/wp-content\/uploads\/2020\/01\/IMG_5715.jpg\"><img decoding=\"async\" src=\"https:\/\/www.alpcamp.eu\/wp-content\/uploads\/2020\/01\/IMG_5715.jpg\" alt=\"\" \/><\/a><\/div><\/li><li><div style=\"height: 500px; width:375px;\"><a class=\"prettyphoto\" rel=\"prettyPhoto[rel-86214584]\" href=\"https:\/\/www.alpcamp.eu\/wp-content\/uploads\/2020\/01\/6db7d013-0ea2-4fe2-9874-700e37ef63f9.jpg\"><img decoding=\"async\" src=\"https:\/\/www.alpcamp.eu\/wp-content\/uploads\/2020\/01\/6db7d013-0ea2-4fe2-9874-700e37ef63f9.jpg\" alt=\"Lobelia keuken\" \/><\/a><\/div><\/li><li><div style=\"height: 500px; width:375px;\"><a class=\"prettyphoto\" rel=\"prettyPhoto[rel-86214584]\" href=\"https:\/\/www.alpcamp.eu\/wp-content\/uploads\/2020\/01\/be9eb9c1-2b41-43fc-8cc0-5ee77e04ac94.jpg\"><img decoding=\"async\" src=\"https:\/\/www.alpcamp.eu\/wp-content\/uploads\/2020\/01\/be9eb9c1-2b41-43fc-8cc0-5ee77e04ac94.jpg\" alt=\"\" \/><\/a><\/div><\/li><li><div style=\"height: 500px; width:1148px;\"><a class=\"prettyphoto\" rel=\"prettyPhoto[rel-86214584]\" href=\"https:\/\/www.alpcamp.eu\/wp-content\/uploads\/2020\/01\/Kramsach-Element-by-Night.jpeg\"><img decoding=\"async\" src=\"https:\/\/www.alpcamp.eu\/wp-content\/uploads\/2020\/01\/Kramsach-Element-by-Night.jpeg\" alt=\"\" \/><\/a><\/div><\/li><li><div style=\"height: 500px; width:667px;\"><a class=\"prettyphoto\" rel=\"prettyPhoto[rel-86214584]\" href=\"https:\/\/www.alpcamp.eu\/wp-content\/uploads\/2020\/01\/IMG_8479.jpg\"><img decoding=\"async\" src=\"https:\/\/www.alpcamp.eu\/wp-content\/uploads\/2020\/01\/IMG_8479.jpg\" alt=\"\" \/><\/a><\/div><\/li><li><div style=\"height: 500px; width:500px;\"><a class=\"prettyphoto\" rel=\"prettyPhoto[rel-86214584]\" href=\"https:\/\/www.alpcamp.eu\/wp-content\/uploads\/2020\/01\/IMG_8456-e1580508492903.jpg\"><img decoding=\"async\" src=\"https:\/\/www.alpcamp.eu\/wp-content\/uploads\/2020\/01\/IMG_8456-e1580508492903.jpg\" alt=\"\" \/><\/a><\/div><\/li><li><div style=\"height: 500px; width:667px;\"><a class=\"prettyphoto\" rel=\"prettyPhoto[rel-86214584]\" href=\"https:\/\/www.alpcamp.eu\/wp-content\/uploads\/2020\/02\/PHOTO-2020-02-01-21-59-22.jpg\"><img decoding=\"async\" src=\"https:\/\/www.alpcamp.eu\/wp-content\/uploads\/2020\/02\/PHOTO-2020-02-01-21-59-22.jpg\" alt=\"\" \/><\/a><\/div><\/li><li><div style=\"height: 500px; width:667px;\"><a class=\"prettyphoto\" rel=\"prettyPhoto[rel-86214584]\" href=\"https:\/\/www.alpcamp.eu\/wp-content\/uploads\/2020\/02\/IMG_5717.jpg\"><img decoding=\"async\" src=\"https:\/\/www.alpcamp.eu\/wp-content\/uploads\/2020\/02\/IMG_5717.jpg\" alt=\"\" \/><\/a><\/div><\/li><li><div style=\"height: 500px; width:667px;\"><a class=\"prettyphoto\" rel=\"prettyPhoto[rel-86214584]\" href=\"https:\/\/www.alpcamp.eu\/wp-content\/uploads\/2020\/01\/IMG_5722.jpg\"><img decoding=\"async\" src=\"https:\/\/www.alpcamp.eu\/wp-content\/uploads\/2020\/01\/IMG_5722.jpg\" alt=\"\" \/><\/a><\/div><\/li><li><div style=\"height: 500px; width:375px;\"><a class=\"prettyphoto\" rel=\"prettyPhoto[rel-86214584]\" href=\"https:\/\/www.alpcamp.eu\/wp-content\/uploads\/2020\/02\/IMG_5754.jpg\"><img decoding=\"async\" src=\"https:\/\/www.alpcamp.eu\/wp-content\/uploads\/2020\/02\/IMG_5754.jpg\" alt=\"\" \/><\/a><\/div><\/li><\/ul><\/div><div class=\"controls\"><a class=\"prev-slide\" href=\"#\"><span><i class=\"fa fa-angle-left\"><\/i><\/span><\/a><a class=\"next-slide\" href=\"#\"><span><i class=\"fa fa-angle-right\"><\/i><\/span><\/a><\/div><\/div>[\/vc_column][\/vc_row][vc_row type=&#8221;grid&#8221; padding_bottom=&#8221;30&#8243;][vc_column width=&#8221;1\/3&#8243;][vc_column_text]<\/p>\n<h2>The surroundings:<\/h2>\n<ul class=\"check\">\n<li>Central location in Kramsach<\/li>\n<li>Lots of pure nature<\/li>\n<li>Impressive ski pistes nearby<\/li>\n<li>Fantastic hiking tracks<\/li>\n<\/ul>\n<p>[\/vc_column_text][\/vc_column][vc_column width=&#8221;2\/3&#8243;][vc_column_text]<iframe loading=\"lazy\" style=\"border: 0;\" src=\"https:\/\/www.google.com\/maps\/embed?pb=!1m18!1m12!1m3!1d86329.48385453151!2d11.809030306489351!3d47.4549086739986!2m3!1f0!2f0!3f0!3m2!1i1024!2i768!4f13.1!3m3!1m2!1s0x4777d4a3aed94feb%3A0xa1871b86b8b5f226!2sKramsach%2C%20Oostenrijk!5e0!3m2!1snl!2snl!4v1567582476380!5m2!1snl!2snl\" width=\"100%\" height=\"300\" frameborder=\"0\" allowfullscreen=\"allowfullscreen\"><\/iframe><\/p>\n<p>&nbsp;<\/p>\n<p>&nbsp;<\/p>\n<p>[\/vc_column_text][vc_video link=&#8221;https:\/\/youtu.be\/XCoyoC6-ibY&#8221; title=&#8221;Stadlerhof in Summer&#8221;][\/vc_column][\/vc_row][vc_row type=&#8221;grid&#8221; padding_top=&#8221;20&#8243;][vc_column][vc_column_text]<\/p>\n<h2>About the Element<\/h2>\n<p>The Element is a luxurious glamping accommodation situated on camping Stadlerhof in Kramsach, Austria and offers space for you whole family. The holiday house is suitable for up to 10 persons\u00a0 (ideally 8 adults and 2 children) and excels in comfort.<\/p>\n<h3>Modern interior with Tirolean accents<\/h3>\n<p>This high-end accommodation offers a high level of comfort in all seasons and under all weather conditions. The kitchen is complete with cooking stove, dishwasher, fridge+freezer, coffee machine and all needed utensils. The two separated bathrooms have their wellness shower, toilet, radiate calm and allow for relaxation. The cosy living comes with a closed gas fireplace. The 2 compact sleeping quarters each have two sections, one Tirolean box bed for two, and one bunkbed for two, extendable with one. The Element is completely furnished and has a storage room for your skis and skiboots.<\/p>\n<h3>Outdoor life<\/h3>\n<p>The Eelement is a comfortable home base after having spent hours on the ski slopes. Your place under the winter (or summer) sun where you come to rest after that long beautiful hike in the mountains. Where you warm up and relax under the welnness shower (with infra red heating elements). The place where you sleep like a rose and wake up to get your mountain bike for a healthy tour to discover the best cyling tracks in the alps &#8211; for all levels. The Element combines outdoor life with the happiness of indoor. Ideal for people that love an active lifestyle in combination with a certain level of luxury.<\/p>\n<h3>Chalet, holiday house, lodge, bungalow or loft?<\/h3>\n<p>The Element is sometimes compared to a bungalow, chalet, lodge or even loft. However our Element is all that together, in a way.\u00a0 The Element is THE accommodation where you will spend your coming holiday! Discover it yourself![\/vc_column_text][\/vc_column][\/vc_row][vc_row][vc_column width=&#8221;1\/2&#8243;][vc_single_image image=&#8221;3359&#8243; img_size=&#8221;large&#8221; alignment=&#8221;right&#8221; css=&#8221;.vc_custom_1579522051378{padding-left: 300px !important;}&#8221;][\/vc_column][vc_column width=&#8221;1\/2&#8243;][vc_single_image image=&#8221;3317&#8243; img_size=&#8221;large&#8221; alignment=&#8221;center&#8221;][\/vc_column][\/vc_row][vc_row type=&#8221;grid&#8221;][vc_column][vc_column_text]<\/p>\n<h2>Camping Stadlerhof in Kramsach, Tirol, Austria<\/h2>\n<p>Our holiday houses are located in Alpcamp Village Kramsach, on camping Stadlerhof in Kramsach, Tirol, Austria. A modern camping in a peaceful and scenic environment. Where you can relax in in and around the swimming pool, in the sauna and where you enjoy regional Austrian dishes in the restaurant.[\/vc_column_text][\/vc_column][\/vc_row][vc_row type=&#8221;grid&#8221;][vc_column][vc_column_text]<\/p>\n<h2>Holiday in Austria<\/h2>\n<p>Austria is a stable and safe holiday country with a perfect climate for both winter and summer recreation. Culture and nature lovers will find all they need in Austria. The beautiful landscape can be admired but is also the perfect place for a variety of activities. The impressive mountains offer ample possibilities for winter sports like skiing, snowboarding and cross country ski.\u00a0 And of course Austria is perfect for horse riding, hiking, swimming, climbing and rafting.[\/vc_column_text][\/vc_column][\/vc_row][vc_row type=&#8221;grid&#8221;][vc_column][vc_column_text]<\/p>\n<h2>About Kramsach<\/h2>\n<p>Kramsach is a town in Tirol, part of the Kufstein district\u00a0 and counts only 4.530 inhabitant. This sympathetic town is a popular holiday destination in both winter and summer. Nearby Kramsach there are beautiful ski pistes, beautiful lakes and the mountains offer magnificent hiking and cycling tracks for all ages. A place with things to do for the whole family, the young and the elderly.\u00a0 Enjoy lovely restaurants in the village, take the car or skibus to the ski lifts and get the best of the many impressive ski pistes nearby.[\/vc_column_text][\/vc_column][\/vc_row][vc_row type=&#8221;grid&#8221;][vc_column][vc_column_text]<\/p>\n<h2>Wintersports and skiing areas<\/h2>\n<p>Winter sport practicioners with children, take note: Kramsach has a perfect beginners slope with two drag lifts of which kids up to 15 years can make use of free of charge. The free skibus takes you comfortably and fast to the nearby ski area Ski Juwel Alpbachtal Wildsch\u00f6nau. Also the Zillervalley (Zillertal) is within reach, for instance the famous wintersport town of F\u00fcgen. F\u00fcgen is a lively\u00a0 village and offers plenty of apr\u00e8s-ski facilities. Zillertal Arena and the other skiing areas in the Zillertal are easily reachable. This makes Kramsach the perfect home base for these marvelous ski areas.[\/vc_column_text][\/vc_column][\/vc_row][vc_row type=&#8221;grid&#8221;][vc_column][vc_single_image image=&#8221;2324&#8243; img_size=&#8221;full&#8221;][\/vc_column][\/vc_row][vc_row type=&#8221;grid&#8221;][vc_column][vc_column_text]<\/p>\n<h2>Summer holiday in Kramsach, Tirol, Austria<\/h2>\n<h3>Beach<\/h3>\n<p>The Reintaler lake (Reintalersee) with five beaches is located at only 650 meters from Camping Stadlerhof. Go for a swim in one of the warmest water lakes in Tirol.<\/p>\n<h3>Hiking and walking<\/h3>\n<p>The surrounding mountains invite you for sporty hikes or more relaxing walks. The choice is yours. De hiking tracks are family proof: grandpa, grandma and the kids can all join in. So better start looking already for your walking shoes!<\/p>\n<h3>Cycling<\/h3>\n<p>In Kramsach&#8217;s direct environment there are many cycling paths,\u00a0 mountain bike tracks and TransAlp MTB-routes to be found.\u00a0 A cyclists paradise without comparison, for all levels.<\/p>\n<h3>Rope course<\/h3>\n<p>You are are not troubled by fear of heights and you like to take up a challenge? Hochseilgarten Kramsach has the highest rope course in Austria.<\/p>\n<h3>White water<\/h3>\n<p>Tube riding and rafting for instance on the \u00d6tztaler Ache (the \u00d6tz). It all happens in and around Kramsach.[\/vc_column_text][\/vc_column][\/vc_row][vc_row type=&#8221;grid&#8221;][vc_column][vc_column_text]<\/p>\n<h2>Purchasing an Element<\/h2>\n<p>Are you looking for possibilities to own a holiday accommodation yourself in Austria or in other countries and are you interested in combining the holiday pleasure with rental income? Then read more about the advantages connected to\u00a0 <a href=\"\/?page_id=3187\">purchasing an Element.<\/a>[\/vc_column_text][\/vc_column][\/vc_row][vc_row type=&#8221;grid&#8221;][vc_column][vc_column_text]<\/p>\n<h2 style=\"text-align: center;\">3D-film van de Element<\/h2>\n<p><iframe loading=\"lazy\" src=\"https:\/\/www.youtube.com\/embed\/sjxg3tAQEYI?wmode=transparent&amp;rel=0&amp;feature=oembed\" width=\"100%\" height=\"596\" frameborder=\"0\" allowfullscreen=\"allowfullscreen\"><\/iframe>[\/vc_column_text][\/vc_column][\/vc_row][vc_row type=&#8221;grid&#8221;][vc_column][vc_column_text]<\/p>\n<h2>Contact with Alpcamp<\/h2>\n<p>Do you wish to know more about renting an Element, have more information on your luxurious glamping holiday,\u00a0 or do you want to know more about purchasing an Element? Then, please contact us via +31 320 258549, +31 654796478 or send a message via the <a href=\"https:\/\/www.alpcamp.eu\/en\/contact\/\">contactform<\/a>.[\/vc_column_text][\/vc_column][\/vc_row]<\/p>\n<\/div>","protected":false},"excerpt":{"rendered":"<p>[vc_row type=&#8221;grid&#8221; padding_top=&#8221;50&#8243; padding_bottom=&#8221;50&#8243;][vc_column][\/vc_column][\/vc_row][vc_row type=&#8221;grid&#8221;][vc_column][vc_column_text] Why rent an Element (that&#8217;s how we call our dream house..)\u00a0 in Kramsach? [\/vc_column_text][vc_empty_space][vc_single_image image=&#8221;3563&#8243;&#8230;<\/p>\n","protected":false},"author":2,"featured_media":0,"parent":0,"menu_order":0,"comment_status":"closed","ping_status":"closed","template":"full_width.php","meta":{"footnotes":""},"class_list":["post-3180","page","type-page","status-publish","hentry"],"yoast_head":"<!-- This site is optimized with the Yoast SEO plugin v27.3 - https:\/\/yoast.com\/product\/yoast-seo-wordpress\/ -->\n<title>Vakantiehuis Kramsach huren in Oostenrijk: de Element<\/title>\n<meta name=\"description\" content=\"Boek een vakantiehuis in Kramsach in Oostenrijk: \u2713 Geschikt voor max. 10 personen \u2713 All seasons glamping \u2713 Kindvriendelijk \u2713 Wintersport \u00e9n zomervakantie\" \/>\n<meta name=\"robots\" content=\"index, follow, max-snippet:-1, max-image-preview:large, max-video-preview:-1\" \/>\n<link rel=\"canonical\" href=\"https:\/\/www.alpcamp.eu\/en\/element-huren\/\" \/>\n<meta property=\"og:locale\" content=\"en_US\" \/>\n<meta property=\"og:type\" content=\"article\" \/>\n<meta property=\"og:title\" content=\"Vakantiehuis Kramsach huren in Oostenrijk: de Element\" \/>\n<meta property=\"og:description\" content=\"Boek een vakantiehuis in Kramsach in Oostenrijk: \u2713 Geschikt voor max. 10 personen \u2713 All seasons glamping \u2713 Kindvriendelijk \u2713 Wintersport \u00e9n zomervakantie\" \/>\n<meta property=\"og:url\" content=\"https:\/\/www.alpcamp.eu\/en\/element-huren\/\" \/>\n<meta property=\"og:site_name\" content=\"AlpCamp\" \/>\n<meta property=\"article:publisher\" content=\"https:\/\/www.facebook.com\/Alpcamp.eu\/\" \/>\n<meta property=\"article:modified_time\" content=\"2024-04-12T15:31:09+00:00\" \/>\n<meta name=\"twitter:card\" content=\"summary_large_image\" \/>\n<meta name=\"twitter:label1\" content=\"Est. reading time\" \/>\n\t<meta name=\"twitter:data1\" content=\"7 minutes\" \/>\n<script type=\"application\/ld+json\" class=\"yoast-schema-graph\">{\"@context\":\"https:\\\/\\\/schema.org\",\"@graph\":[{\"@type\":\"WebPage\",\"@id\":\"https:\\\/\\\/www.alpcamp.eu\\\/en\\\/element-huren\\\/\",\"url\":\"https:\\\/\\\/www.alpcamp.eu\\\/en\\\/element-huren\\\/\",\"name\":\"Vakantiehuis Kramsach huren in Oostenrijk: de Element\",\"isPartOf\":{\"@id\":\"https:\\\/\\\/www.alpcamp.eu\\\/#website\"},\"datePublished\":\"2019-10-30T10:06:12+00:00\",\"dateModified\":\"2024-04-12T15:31:09+00:00\",\"description\":\"Boek een vakantiehuis in Kramsach in Oostenrijk: \u2713 Geschikt voor max. 10 personen \u2713 All seasons glamping \u2713 Kindvriendelijk \u2713 Wintersport \u00e9n zomervakantie\",\"breadcrumb\":{\"@id\":\"https:\\\/\\\/www.alpcamp.eu\\\/en\\\/element-huren\\\/#breadcrumb\"},\"inLanguage\":\"en-US\",\"potentialAction\":[{\"@type\":\"ReadAction\",\"target\":[\"https:\\\/\\\/www.alpcamp.eu\\\/en\\\/element-huren\\\/\"]}]},{\"@type\":\"BreadcrumbList\",\"@id\":\"https:\\\/\\\/www.alpcamp.eu\\\/en\\\/element-huren\\\/#breadcrumb\",\"itemListElement\":[{\"@type\":\"ListItem\",\"position\":1,\"name\":\"Home\",\"item\":\"https:\\\/\\\/www.alpcamp.eu\\\/en\\\/\"},{\"@type\":\"ListItem\",\"position\":2,\"name\":\"Rent your holiday house in Tirol\"}]},{\"@type\":\"WebSite\",\"@id\":\"https:\\\/\\\/www.alpcamp.eu\\\/#website\",\"url\":\"https:\\\/\\\/www.alpcamp.eu\\\/\",\"name\":\"AlpCamp\",\"description\":\"\",\"publisher\":{\"@id\":\"https:\\\/\\\/www.alpcamp.eu\\\/#organization\"},\"potentialAction\":[{\"@type\":\"SearchAction\",\"target\":{\"@type\":\"EntryPoint\",\"urlTemplate\":\"https:\\\/\\\/www.alpcamp.eu\\\/?s={search_term_string}\"},\"query-input\":{\"@type\":\"PropertyValueSpecification\",\"valueRequired\":true,\"valueName\":\"search_term_string\"}}],\"inLanguage\":\"en-US\"},{\"@type\":\"Organization\",\"@id\":\"https:\\\/\\\/www.alpcamp.eu\\\/#organization\",\"name\":\"12Camp BV\",\"url\":\"https:\\\/\\\/www.alpcamp.eu\\\/\",\"logo\":{\"@type\":\"ImageObject\",\"inLanguage\":\"en-US\",\"@id\":\"https:\\\/\\\/www.alpcamp.eu\\\/#\\\/schema\\\/logo\\\/image\\\/\",\"url\":\"https:\\\/\\\/www.alpcamp.eu\\\/wp-content\\\/uploads\\\/2015\\\/08\\\/logo-12Campv2.1-01.png\",\"contentUrl\":\"https:\\\/\\\/www.alpcamp.eu\\\/wp-content\\\/uploads\\\/2015\\\/08\\\/logo-12Campv2.1-01.png\",\"width\":953,\"height\":337,\"caption\":\"12Camp BV\"},\"image\":{\"@id\":\"https:\\\/\\\/www.alpcamp.eu\\\/#\\\/schema\\\/logo\\\/image\\\/\"},\"sameAs\":[\"https:\\\/\\\/www.facebook.com\\\/Alpcamp.eu\\\/\"]}]}<\/script>\n<!-- \/ Yoast SEO plugin. -->","yoast_head_json":{"title":"Vakantiehuis Kramsach huren in Oostenrijk: de Element","description":"Boek een vakantiehuis in Kramsach in Oostenrijk: \u2713 Geschikt voor max. 10 personen \u2713 All seasons glamping \u2713 Kindvriendelijk \u2713 Wintersport \u00e9n zomervakantie","robots":{"index":"index","follow":"follow","max-snippet":"max-snippet:-1","max-image-preview":"max-image-preview:large","max-video-preview":"max-video-preview:-1"},"canonical":"https:\/\/www.alpcamp.eu\/en\/element-huren\/","og_locale":"en_US","og_type":"article","og_title":"Vakantiehuis Kramsach huren in Oostenrijk: de Element","og_description":"Boek een vakantiehuis in Kramsach in Oostenrijk: \u2713 Geschikt voor max. 10 personen \u2713 All seasons glamping \u2713 Kindvriendelijk \u2713 Wintersport \u00e9n zomervakantie","og_url":"https:\/\/www.alpcamp.eu\/en\/element-huren\/","og_site_name":"AlpCamp","article_publisher":"https:\/\/www.facebook.com\/Alpcamp.eu\/","article_modified_time":"2024-04-12T15:31:09+00:00","twitter_card":"summary_large_image","twitter_misc":{"Est. reading time":"7 minutes"},"schema":{"@context":"https:\/\/schema.org","@graph":[{"@type":"WebPage","@id":"https:\/\/www.alpcamp.eu\/en\/element-huren\/","url":"https:\/\/www.alpcamp.eu\/en\/element-huren\/","name":"Vakantiehuis Kramsach huren in Oostenrijk: de Element","isPartOf":{"@id":"https:\/\/www.alpcamp.eu\/#website"},"datePublished":"2019-10-30T10:06:12+00:00","dateModified":"2024-04-12T15:31:09+00:00","description":"Boek een vakantiehuis in Kramsach in Oostenrijk: \u2713 Geschikt voor max. 10 personen \u2713 All seasons glamping \u2713 Kindvriendelijk \u2713 Wintersport \u00e9n zomervakantie","breadcrumb":{"@id":"https:\/\/www.alpcamp.eu\/en\/element-huren\/#breadcrumb"},"inLanguage":"en-US","potentialAction":[{"@type":"ReadAction","target":["https:\/\/www.alpcamp.eu\/en\/element-huren\/"]}]},{"@type":"BreadcrumbList","@id":"https:\/\/www.alpcamp.eu\/en\/element-huren\/#breadcrumb","itemListElement":[{"@type":"ListItem","position":1,"name":"Home","item":"https:\/\/www.alpcamp.eu\/en\/"},{"@type":"ListItem","position":2,"name":"Rent your holiday house in Tirol"}]},{"@type":"WebSite","@id":"https:\/\/www.alpcamp.eu\/#website","url":"https:\/\/www.alpcamp.eu\/","name":"AlpCamp","description":"","publisher":{"@id":"https:\/\/www.alpcamp.eu\/#organization"},"potentialAction":[{"@type":"SearchAction","target":{"@type":"EntryPoint","urlTemplate":"https:\/\/www.alpcamp.eu\/?s={search_term_string}"},"query-input":{"@type":"PropertyValueSpecification","valueRequired":true,"valueName":"search_term_string"}}],"inLanguage":"en-US"},{"@type":"Organization","@id":"https:\/\/www.alpcamp.eu\/#organization","name":"12Camp BV","url":"https:\/\/www.alpcamp.eu\/","logo":{"@type":"ImageObject","inLanguage":"en-US","@id":"https:\/\/www.alpcamp.eu\/#\/schema\/logo\/image\/","url":"https:\/\/www.alpcamp.eu\/wp-content\/uploads\/2015\/08\/logo-12Campv2.1-01.png","contentUrl":"https:\/\/www.alpcamp.eu\/wp-content\/uploads\/2015\/08\/logo-12Campv2.1-01.png","width":953,"height":337,"caption":"12Camp BV"},"image":{"@id":"https:\/\/www.alpcamp.eu\/#\/schema\/logo\/image\/"},"sameAs":["https:\/\/www.facebook.com\/Alpcamp.eu\/"]}]}},"_links":{"self":[{"href":"https:\/\/www.alpcamp.eu\/en\/wp-json\/wp\/v2\/pages\/3180","targetHints":{"allow":["GET"]}}],"collection":[{"href":"https:\/\/www.alpcamp.eu\/en\/wp-json\/wp\/v2\/pages"}],"about":[{"href":"https:\/\/www.alpcamp.eu\/en\/wp-json\/wp\/v2\/types\/page"}],"author":[{"embeddable":true,"href":"https:\/\/www.alpcamp.eu\/en\/wp-json\/wp\/v2\/users\/2"}],"replies":[{"embeddable":true,"href":"https:\/\/www.alpcamp.eu\/en\/wp-json\/wp\/v2\/comments?post=3180"}],"version-history":[{"count":34,"href":"https:\/\/www.alpcamp.eu\/en\/wp-json\/wp\/v2\/pages\/3180\/revisions"}],"predecessor-version":[{"id":3661,"href":"https:\/\/www.alpcamp.eu\/en\/wp-json\/wp\/v2\/pages\/3180\/revisions\/3661"}],"wp:attachment":[{"href":"https:\/\/www.alpcamp.eu\/en\/wp-json\/wp\/v2\/media?parent=3180"}],"curies":[{"name":"wp","href":"https:\/\/api.w.org\/{rel}","templated":true}]}}